{"id":304,"date":"2025-08-29T14:03:24","date_gmt":"2025-08-29T12:03:24","guid":{"rendered":"https:\/\/dr-sahin.help\/?page_id=304"},"modified":"2025-11-10T12:40:03","modified_gmt":"2025-11-10T10:40:03","slug":"registrieren","status":"publish","type":"page","link":"https:\/\/dr-sahin.help\/tr\/registrieren\/","title":{"rendered":"Kay\u0131t Olun"},"content":{"rendered":"\t\t<div data-elementor-type=\"wp-page\" data-elementor-id=\"304\" class=\"elementor elementor-304\" data-elementor-post-type=\"page\">\n\t\t\t\t<div class=\"elementor-element elementor-element-1c8abed e-flex e-con-boxed e-con e-parent\" data-id=\"1c8abed\" data-element_type=\"container\" data-e-type=\"container\">\n\t\t\t\t\t<div class=\"e-con-inner\">\n\t\t<div class=\"elementor-element elementor-element-cfcedab e-con-full e-flex e-con e-child\" data-id=\"cfcedab\" data-element_type=\"container\" data-e-type=\"container\" data-settings=\"{&quot;background_background&quot;:&quot;classic&quot;}\">\n\t\t<div class=\"elementor-element elementor-element-f571244 e-con-full e-flex e-con e-child\" data-id=\"f571244\" data-element_type=\"container\" data-e-type=\"container\">\n\t\t\t\t<div class=\"elementor-element elementor-element-10e9e9e elementor-widget elementor-widget-html\" data-id=\"10e9e9e\" data-element_type=\"widget\" data-e-type=\"widget\" data-widget_type=\"html.default\">\n\t\t\t\t<div class=\"elementor-widget-container\">\n\t\t\t\t\t<script>\ndocument.addEventListener('DOMContentLoaded', function () {\n    const emailField = document.querySelector('input[name=\"email\"]');\n    const usernameField = document.querySelector('input[name=\"username\"]');\n\n    if (emailField && usernameField) {\n        emailField.addEventListener('input', function () {\n            usernameField.value = emailField.value;\n        });\n    }\n});\n<\/script>\n\t\t\t\t<\/div>\n\t\t\t\t<\/div>\n\t\t\t\t<div class=\"elementor-element elementor-element-6a8c20a elementor-widget-mobile__width-inherit elementor-widget elementor-widget-heading\" data-id=\"6a8c20a\" data-element_type=\"widget\" data-e-type=\"widget\" data-widget_type=\"heading.default\">\n\t\t\t\t<div class=\"elementor-widget-container\">\n\t\t\t\t\t<h1 class=\"elementor-heading-title elementor-size-default\">Jetzt <span>registrieren<\/span><\/h1>\t\t\t\t<\/div>\n\t\t\t\t<\/div>\n\t\t\t\t<div class=\"elementor-element elementor-element-cf231eb elementor-widget elementor-widget-text-editor\" data-id=\"cf231eb\" data-element_type=\"widget\" data-e-type=\"widget\" data-widget_type=\"text-editor.default\">\n\t\t\t\t<div class=\"elementor-widget-container\">\n\t\t\t\t\t\t\t\t\t<p>Registrieren Sie sich jetzt und erhalten Sie rund um die Uhr Zugriff auf all Ihre Spendenbelege und Spenden in kompakter \u00dcbersicht.<\/p>\t\t\t\t\t\t\t\t<\/div>\n\t\t\t\t<\/div>\n\t\t\t\t<div class=\"elementor-element elementor-element-b07ea60 elementor-widget elementor-widget-jet-register\" data-id=\"b07ea60\" data-element_type=\"widget\" data-e-type=\"widget\" data-widget_type=\"jet-register.default\">\n\t\t\t\t<div class=\"elementor-widget-container\">\n\t\t\t\t\t<div class=\"elementor-jet-register jet-blocks\"><form method=\"post\" class=\"jet-register\">\n\n\t<p class=\"jet-register__row\">\n\t\t<label class=\"jet-register__label\" for=\"jet_username\"><\/label>\n\t\t<input type=\"text\" class=\"jet-register__input\" name=\"username\" id=\"jet_username\" value=\"\" placeholder=\"Ihr Benutzername\"\/>\n\t<\/p>\n\n\t<p class=\"jet-register__row\">\n\t\t<label  class=\"jet-register__label\"  for=\"jet_email\"><\/label>\n\t\t<input type=\"email\" class=\"jet-register__input\" name=\"email\" id=\"jet_email\" value=\"\" placeholder=\"Ihre E-Mail Adresse\"\/>\n\t<\/p>\n\n\t<p class=\"jet-register__row\">\n\t\t<label  class=\"jet-register__label\" for=\"jet_password\"><\/label>\n\t\t<span class=\"jet-register__wrapper\">\n\t\t\t<input type=\"password\" class=\"jet-register__input \" name=\"password\" id=\"jet_password\" placeholder=\"Passwort eingeben\"\/>\n\n\t\t\t<svg xmlns=\"http:\/\/www.w3.org\/2000\/svg\" aria-hidden=\"true\" class=\"e-font-icon-svg e-far-eye password-visibility__icon password-visibility__icon--show show\" viewBox=\"0 0 576 512\">\n\t\t\t\t<path d=\"M288 144a110.94 110.94 0 0 0-31.24 5 55.4 55.4 0 0 1 7.24 27 56 56 0 0 1-56 56 55.4 55.4 0 0 1-27-7.24A111.71 111.71 0 1 0 288 144zm284.52 97.4C518.29 135.59 410.93 64 288 64S57.68 135.64 3.48 241.41a32.35 32.35 0 0 0 0 29.19C57.71 376.41 165.07 448 288 448s230.32-71.64 284.52-177.41a32.35 32.35 0 0 0 0-29.19zM288 400c-98.65 0-189.09-55-237.93-144C98.91 167 189.34 112 288 112s189.09 55 237.93 144C477.1 345 386.66 400 288 400z\"><\/path>\n\t\t\t<\/svg>\n\t\t\t<svg xmlns=\"http:\/\/www.w3.org\/2000\/svg\" aria-hidden=\"true\" class=\"e-font-icon-svg e-far-eye-slash password-visibility__icon password-visibility__icon--hide\" viewBox=\"0 0 640 512\">\n\t\t\t\t<path d=\"M634 471L36 3.51A16 16 0 0 0 13.51 6l-10 12.49A16 16 0 0 0 6 41l598 467.49a16 16 0 0 0 22.49-2.49l10-12.49A16 16 0 0 0 634 471zM296.79 146.47l134.79 105.38C429.36 191.91 380.48 144 320 144a112.26 112.26 0 0 0-23.21 2.47zm46.42 219.07L208.42 260.16C210.65 320.09 259.53 368 320 368a113 113 0 0 0 23.21-2.46zM320 112c98.65 0 189.09 55 237.93 144a285.53 285.53 0 0 1-44 60.2l37.74 29.5a333.7 333.7 0 0 0 52.9-75.11 32.35 32.35 0 0 0 0-29.19C550.29 135.59 442.93 64 320 64c-36.7 0-71.71 7-104.63 18.81l46.41 36.29c18.94-4.3 38.34-7.1 58.22-7.1zm0 288c-98.65 0-189.08-55-237.93-144a285.47 285.47 0 0 1 44.05-60.19l-37.74-29.5a333.6 333.6 0 0 0-52.89 75.1 32.35 32.35 0 0 0 0 29.19C89.72 376.41 197.08 448 320 448c36.7 0 71.71-7.05 104.63-18.81l-46.41-36.28C359.28 397.2 339.89 400 320 400z\"><\/path>\n\t\t\t<\/svg>\n\n\t\t<\/span>\n\t<\/p>\n\n\t\n\t\t<p class=\"jet-register__row\">\n\t\t\t<label  class=\"jet-register__label\" for=\"jet_password_confirm\"><\/label>\n\t\t\t<input type=\"password\" class=\"jet-register__input\" name=\"password-confirm\" id=\"jet_password_confirm\" placeholder=\"Passwort wiederholen\"\/>\n\t\t\t<input type=\"hidden\" name=\"jet_confirm_password\" value=\"true\">\t\t<\/p>\n\n\t\n\t\n\t\n\t<div class=\"jet-register__row jet-privacy-policy\">\n\t\t<input type=\"checkbox\" value=\"jet_privacy_policy_checkbox\" class=\"jet-register__input\" name=\"privacy-policy\" id=\"jet_privacy_policy\" required=\"required\" \/>\n\t\t<label class=\"jet-register__label\" for=\"jet_privacy_policy\">Ich akzeptiere die <a href=\"\/datenschutz\">Datenschutzerkl\u00e4rung<\/a> und die <a href=\"agb\" target=\"blank\">allgemeinen Gesch\u00e4ftsbedigungen<\/a><\/label>\n\t<\/div>\n\n\t\n\t\n\t<p class=\"jet-register__row jet-register-submit\">\n\t\t<input type=\"hidden\" id=\"jet-register-nonce\" name=\"jet-register-nonce\" value=\"1ce9303643\" \/><input type=\"hidden\" name=\"_wp_http_referer\" value=\"\/tr\/wp-json\/wp\/v2\/pages\/304\" \/><input type=\"hidden\" name=\"jet_redirect\" value=\"\/dashboard\">\t\t<button type=\"submit\" class=\"jet-register__submit button\" name=\"register\">Jetzt registrieren<\/button>\n\t<\/p>\n\n<\/form>\n<\/div>\t\t\t\t<\/div>\n\t\t\t\t<\/div>\n\t\t\t\t<\/div>\n\t\t<div class=\"elementor-element elementor-element-6dda00a e-con-full e-flex e-con e-child\" data-id=\"6dda00a\" data-element_type=\"container\" data-e-type=\"container\" data-settings=\"{&quot;background_background&quot;:&quot;classic&quot;}\">\n\t\t<div class=\"elementor-element elementor-element-417fa4f e-con-full e-flex e-con e-child\" data-id=\"417fa4f\" data-element_type=\"container\" data-e-type=\"container\" data-settings=\"{&quot;background_background&quot;:&quot;gradient&quot;}\">\n\t\t\t\t<div class=\"elementor-element elementor-element-3fcc042 elementor-widget elementor-widget-heading\" data-id=\"3fcc042\" data-element_type=\"widget\" data-e-type=\"widget\" data-widget_type=\"heading.default\">\n\t\t\t\t<div class=\"elementor-widget-container\">\n\t\t\t\t\t<h2 class=\"elementor-heading-title elementor-size-default\">Ihre Vorteile als Spender<\/h2>\t\t\t\t<\/div>\n\t\t\t\t<\/div>\n\t\t\t\t<div class=\"elementor-element elementor-element-4a7c966 elementor-widget__width-inherit elementor-icon-list--layout-traditional elementor-list-item-link-full_width elementor-widget elementor-widget-icon-list\" data-id=\"4a7c966\" data-element_type=\"widget\" data-e-type=\"widget\" data-widget_type=\"icon-list.default\">\n\t\t\t\t<div class=\"elementor-widget-container\">\n\t\t\t\t\t\t\t<ul class=\"elementor-icon-list-items\">\n\t\t\t\t\t\t\t<li class=\"elementor-icon-list-item\">\n\t\t\t\t\t\t\t\t\t\t\t<span class=\"elementor-icon-list-icon\">\n\t\t\t\t\t\t\t<i aria-hidden=\"true\" class=\"dcbold- dc-bold-rounded-b-check\"><\/i>\t\t\t\t\t\t<\/span>\n\t\t\t\t\t\t\t\t\t\t<span class=\"elementor-icon-list-text\">Alle Spendenbelege im \u00dcberblick<\/span>\n\t\t\t\t\t\t\t\t\t<\/li>\n\t\t\t\t\t\t\t\t<li class=\"elementor-icon-list-item\">\n\t\t\t\t\t\t\t\t\t\t\t<span class=\"elementor-icon-list-icon\">\n\t\t\t\t\t\t\t<i aria-hidden=\"true\" class=\"dcbold- dc-bold-rounded-b-check\"><\/i>\t\t\t\t\t\t<\/span>\n\t\t\t\t\t\t\t\t\t\t<span class=\"elementor-icon-list-text\">Schnelleres Spenden, da Ihre Daten vorgespeichert sind<\/span>\n\t\t\t\t\t\t\t\t\t<\/li>\n\t\t\t\t\t\t\t\t<li class=\"elementor-icon-list-item\">\n\t\t\t\t\t\t\t\t\t\t\t<span class=\"elementor-icon-list-icon\">\n\t\t\t\t\t\t\t<i aria-hidden=\"true\" class=\"dcbold- dc-bold-rounded-b-check\"><\/i>\t\t\t\t\t\t<\/span>\n\t\t\t\t\t\t\t\t\t\t<span class=\"elementor-icon-list-text\">Bleiben Sie auf dem neuesten Stand<\/span>\n\t\t\t\t\t\t\t\t\t<\/li>\n\t\t\t\t\t\t<\/ul>\n\t\t\t\t\t\t<\/div>\n\t\t\t\t<\/div>\n\t\t\t\t<\/div>\n\t\t\t\t<\/div>\n\t\t\t\t<\/div>\n\t\t\t\t\t<\/div>\n\t\t\t\t<\/div>\n\t\t\t\t<\/div>\n\t\t","protected":false},"excerpt":{"rendered":"<p>\u015eimdi kaydolun \u015eimdi kaydolun ve t\u00fcm ba\u011f\u0131\u015f makbuzlar\u0131n\u0131za ve ba\u011f\u0131\u015flar\u0131n\u0131za kompakt bir genel bak\u0131\u015fla g\u00fcn\u00fcn her saati eri\u015fin. Gizlilik politikas\u0131n\u0131 ve genel h\u00fck\u00fcm ve ko\u015fullar\u0131 kabul ediyorum \u015eimdi kaydolun Ba\u011f\u0131\u015f\u00e7\u0131 olarak avantajlar\u0131n\u0131z Bir bak\u0131\u015fta t\u00fcm ba\u011f\u0131\u015f makbuzlar\u0131 Verileriniz \u00f6nceden depoland\u0131\u011f\u0131 i\u00e7in daha h\u0131zl\u0131 ba\u011f\u0131\u015flar G\u00fcncel kal\u0131n<\/p>","protected":false},"author":1,"featured_media":0,"parent":0,"menu_order":0,"comment_status":"closed","ping_status":"closed","template":"","meta":{"footnotes":""},"class_list":["post-304","page","type-page","status-publish","hentry"],"yoast_head":"<!-- This site is optimized with the Yoast SEO plugin v27.2 - https:\/\/yoast.com\/product\/yoast-seo-wordpress\/ -->\n<title>Registrieren &#8212; Dr. \u015eahin help<\/title>\n<meta name=\"robots\" content=\"index, follow, max-snippet:-1, max-image-preview:large, max-video-preview:-1\" \/>\n<link rel=\"canonical\" href=\"https:\/\/dr-sahin.help\/tr\/registrieren\/\" \/>\n<meta property=\"og:locale\" content=\"tr_TR\" \/>\n<meta property=\"og:type\" content=\"article\" \/>\n<meta property=\"og:title\" content=\"Registrieren &#8212; Dr. \u015eahin help\" \/>\n<meta property=\"og:description\" content=\"Jetzt registrieren Registrieren Sie sich jetzt und erhalten Sie rund um die Uhr Zugriff auf all Ihre Spendenbelege und Spenden in kompakter \u00dcbersicht. Ich akzeptiere die Datenschutzerkl\u00e4rung und die allgemeinen Gesch\u00e4ftsbedigungen Jetzt registrieren Ihre Vorteile als Spender Alle Spendenbelege im \u00dcberblick Schnelleres Spenden, da Ihre Daten vorgespeichert sind Bleiben Sie auf dem neuesten Stand\" \/>\n<meta property=\"og:url\" content=\"https:\/\/dr-sahin.help\/tr\/registrieren\/\" \/>\n<meta property=\"og:site_name\" content=\"Dr. \u015eahin help\" \/>\n<meta property=\"article:publisher\" content=\"https:\/\/www.facebook.com\/Drsahinhelp\" \/>\n<meta property=\"article:modified_time\" content=\"2025-11-10T10:40:03+00:00\" \/>\n<meta name=\"twitter:card\" content=\"summary_large_image\" \/>\n<meta name=\"twitter:label1\" content=\"Tahmini okuma s\u00fcresi\" \/>\n\t<meta name=\"twitter:data1\" content=\"1 dakika\" \/>\n<script type=\"application\/ld+json\" class=\"yoast-schema-graph\">{\"@context\":\"https:\/\/schema.org\",\"@graph\":[{\"@type\":\"WebPage\",\"@id\":\"https:\/\/dr-sahin.help\/registrieren\/\",\"url\":\"https:\/\/dr-sahin.help\/registrieren\/\",\"name\":\"Registrieren &#8212; Dr. \u015eahin help\",\"isPartOf\":{\"@id\":\"https:\/\/dr-sahin.help\/#website\"},\"datePublished\":\"2025-08-29T12:03:24+00:00\",\"dateModified\":\"2025-11-10T10:40:03+00:00\",\"breadcrumb\":{\"@id\":\"https:\/\/dr-sahin.help\/registrieren\/#breadcrumb\"},\"inLanguage\":\"tr\",\"potentialAction\":[{\"@type\":\"ReadAction\",\"target\":[\"https:\/\/dr-sahin.help\/registrieren\/\"]}]},{\"@type\":\"BreadcrumbList\",\"@id\":\"https:\/\/dr-sahin.help\/registrieren\/#breadcrumb\",\"itemListElement\":[{\"@type\":\"ListItem\",\"position\":1,\"name\":\"Startseite\",\"item\":\"https:\/\/dr-sahin.help\/\"},{\"@type\":\"ListItem\",\"position\":2,\"name\":\"Registrieren\"}]},{\"@type\":\"WebSite\",\"@id\":\"https:\/\/dr-sahin.help\/#website\",\"url\":\"https:\/\/dr-sahin.help\/\",\"name\":\"Dr. \u015eahin HELP\",\"description\":\"Spenden f\u00fcr Bed\u00fcrftige\",\"publisher\":{\"@id\":\"https:\/\/dr-sahin.help\/#organization\"},\"alternateName\":\"Dr. Sahin HELP\",\"potentialAction\":[{\"@type\":\"SearchAction\",\"target\":{\"@type\":\"EntryPoint\",\"urlTemplate\":\"https:\/\/dr-sahin.help\/?s={search_term_string}\"},\"query-input\":{\"@type\":\"PropertyValueSpecification\",\"valueRequired\":true,\"valueName\":\"search_term_string\"}}],\"inLanguage\":\"tr\"},{\"@type\":\"Organization\",\"@id\":\"https:\/\/dr-sahin.help\/#organization\",\"name\":\"Dr. \u015eahin HELP\",\"alternateName\":\"Dr. Sahin HELP\",\"url\":\"https:\/\/dr-sahin.help\/\",\"logo\":{\"@type\":\"ImageObject\",\"inLanguage\":\"tr\",\"@id\":\"https:\/\/dr-sahin.help\/#\/schema\/logo\/image\/\",\"url\":\"https:\/\/dr-sahin.help\/wp-content\/uploads\/2025\/08\/SiteLogo.png\",\"contentUrl\":\"https:\/\/dr-sahin.help\/wp-content\/uploads\/2025\/08\/SiteLogo.png\",\"width\":1337,\"height\":480,\"caption\":\"Dr. \u015eahin HELP\"},\"image\":{\"@id\":\"https:\/\/dr-sahin.help\/#\/schema\/logo\/image\/\"},\"sameAs\":[\"https:\/\/www.facebook.com\/Drsahinhelp\",\"https:\/\/www.instagram.com\/drsahin_help\/\"]}]}<\/script>\n<!-- \/ Yoast SEO plugin. -->","yoast_head_json":{"title":"Kay\u0131t - Dr. \u015eahin yard\u0131m","robots":{"index":"index","follow":"follow","max-snippet":"max-snippet:-1","max-image-preview":"max-image-preview:large","max-video-preview":"max-video-preview:-1"},"canonical":"https:\/\/dr-sahin.help\/tr\/registrieren\/","og_locale":"tr_TR","og_type":"article","og_title":"Registrieren &#8212; Dr. \u015eahin help","og_description":"Jetzt registrieren Registrieren Sie sich jetzt und erhalten Sie rund um die Uhr Zugriff auf all Ihre Spendenbelege und Spenden in kompakter \u00dcbersicht. Ich akzeptiere die Datenschutzerkl\u00e4rung und die allgemeinen Gesch\u00e4ftsbedigungen Jetzt registrieren Ihre Vorteile als Spender Alle Spendenbelege im \u00dcberblick Schnelleres Spenden, da Ihre Daten vorgespeichert sind Bleiben Sie auf dem neuesten Stand","og_url":"https:\/\/dr-sahin.help\/tr\/registrieren\/","og_site_name":"Dr. \u015eahin help","article_publisher":"https:\/\/www.facebook.com\/Drsahinhelp","article_modified_time":"2025-11-10T10:40:03+00:00","twitter_card":"summary_large_image","twitter_misc":{"Tahmini okuma s\u00fcresi":"1 dakika"},"schema":{"@context":"https:\/\/schema.org","@graph":[{"@type":"WebPage","@id":"https:\/\/dr-sahin.help\/registrieren\/","url":"https:\/\/dr-sahin.help\/registrieren\/","name":"Kay\u0131t - Dr. \u015eahin yard\u0131m","isPartOf":{"@id":"https:\/\/dr-sahin.help\/#website"},"datePublished":"2025-08-29T12:03:24+00:00","dateModified":"2025-11-10T10:40:03+00:00","breadcrumb":{"@id":"https:\/\/dr-sahin.help\/registrieren\/#breadcrumb"},"inLanguage":"tr","potentialAction":[{"@type":"ReadAction","target":["https:\/\/dr-sahin.help\/registrieren\/"]}]},{"@type":"BreadcrumbList","@id":"https:\/\/dr-sahin.help\/registrieren\/#breadcrumb","itemListElement":[{"@type":"ListItem","position":1,"name":"Startseite","item":"https:\/\/dr-sahin.help\/"},{"@type":"ListItem","position":2,"name":"Registrieren"}]},{"@type":"WebSite","@id":"https:\/\/dr-sahin.help\/#website","url":"https:\/\/dr-sahin.help\/","name":"Dr. \u015eahin HELP","description":"\u0130htiya\u00e7 sahipleri i\u00e7in ba\u011f\u0131\u015flar","publisher":{"@id":"https:\/\/dr-sahin.help\/#organization"},"alternateName":"Dr. Sahin HELP","potentialAction":[{"@type":"SearchAction","target":{"@type":"EntryPoint","urlTemplate":"https:\/\/dr-sahin.help\/?s={search_term_string}"},"query-input":{"@type":"PropertyValueSpecification","valueRequired":true,"valueName":"search_term_string"}}],"inLanguage":"tr"},{"@type":"Organization","@id":"https:\/\/dr-sahin.help\/#organization","name":"Dr. \u015eahin HELP","alternateName":"Dr. Sahin HELP","url":"https:\/\/dr-sahin.help\/","logo":{"@type":"ImageObject","inLanguage":"tr","@id":"https:\/\/dr-sahin.help\/#\/schema\/logo\/image\/","url":"https:\/\/dr-sahin.help\/wp-content\/uploads\/2025\/08\/SiteLogo.png","contentUrl":"https:\/\/dr-sahin.help\/wp-content\/uploads\/2025\/08\/SiteLogo.png","width":1337,"height":480,"caption":"Dr. \u015eahin HELP"},"image":{"@id":"https:\/\/dr-sahin.help\/#\/schema\/logo\/image\/"},"sameAs":["https:\/\/www.facebook.com\/Drsahinhelp","https:\/\/www.instagram.com\/drsahin_help\/"]}]}},"jetpack_sharing_enabled":true,"_links":{"self":[{"href":"https:\/\/dr-sahin.help\/tr\/wp-json\/wp\/v2\/pages\/304","targetHints":{"allow":["GET"]}}],"collection":[{"href":"https:\/\/dr-sahin.help\/tr\/wp-json\/wp\/v2\/pages"}],"about":[{"href":"https:\/\/dr-sahin.help\/tr\/wp-json\/wp\/v2\/types\/page"}],"author":[{"embeddable":true,"href":"https:\/\/dr-sahin.help\/tr\/wp-json\/wp\/v2\/users\/1"}],"replies":[{"embeddable":true,"href":"https:\/\/dr-sahin.help\/tr\/wp-json\/wp\/v2\/comments?post=304"}],"version-history":[{"count":57,"href":"https:\/\/dr-sahin.help\/tr\/wp-json\/wp\/v2\/pages\/304\/revisions"}],"predecessor-version":[{"id":4558,"href":"https:\/\/dr-sahin.help\/tr\/wp-json\/wp\/v2\/pages\/304\/revisions\/4558"}],"wp:attachment":[{"href":"https:\/\/dr-sahin.help\/tr\/wp-json\/wp\/v2\/media?parent=304"}],"curies":[{"name":"wp","href":"https:\/\/api.w.org\/{rel}","templated":true}]}}