{"id":295,"date":"2025-08-29T14:01:37","date_gmt":"2025-08-29T12:01:37","guid":{"rendered":"https:\/\/dr-sahin.help\/?page_id=295"},"modified":"2026-01-19T13:57:31","modified_gmt":"2026-01-19T11:57:31","slug":"giris","status":"publish","type":"page","link":"https:\/\/dr-sahin.help\/tr\/login\/","title":{"rendered":"Giri\u015f"},"content":{"rendered":"<div data-elementor-type=\"wp-page\" data-elementor-id=\"295\" class=\"elementor elementor-295\" data-elementor-post-type=\"page\">\n\t\t\t\t<div class=\"elementor-element elementor-element-cf81ec6 e-flex e-con-boxed e-con e-parent\" data-id=\"cf81ec6\" data-element_type=\"container\" data-e-type=\"container\">\n\t\t\t\t\t<div class=\"e-con-inner\">\n\t\t\t\t<div class=\"elementor-element elementor-element-20e0b15 elementor-fixed elementor-widget-tablet__width-initial elementor-widget-mobile__width-initial elementor-widget elementor-widget-woocommerce-notices\" data-id=\"20e0b15\" data-element_type=\"widget\" data-e-type=\"widget\" data-settings=\"{&quot;_position&quot;:&quot;fixed&quot;}\" data-widget_type=\"woocommerce-notices.default\">\n\t\t\t\t<div class=\"elementor-widget-container\">\n\t\t\t\t\t\t\t<style>\n\t\t\t.woocommerce-notices-wrapper,\n\t\t\t.woocommerce-message,\n\t\t\t.woocommerce-error,\n\t\t\t.woocommerce-info {\n\t\t\t\tdisplay: none;\n\t\t\t}\n\t\t<\/style>\n\t\t\t\t\t<div class=\"e-woocommerce-notices-wrapper e-woocommerce-notices-wrapper-loading\">\n\t\t\t\t<div class=\"woocommerce-notices-wrapper\"><\/div>\t\t\t<\/div>\n\t\t\t\t\t\t\t<\/div>\n\t\t\t\t<\/div>\n\t\t<div class=\"elementor-element elementor-element-04c5c3d e-con-full e-flex e-con e-child\" data-id=\"04c5c3d\" data-element_type=\"container\" data-e-type=\"container\" data-settings=\"{&quot;background_background&quot;:&quot;classic&quot;}\">\n\t\t<div class=\"elementor-element elementor-element-ed77459 e-con-full e-flex e-con e-child\" data-id=\"ed77459\" data-element_type=\"container\" data-e-type=\"container\">\n\t\t\t\t<div class=\"elementor-element elementor-element-30023fb elementor-widget-mobile__width-inherit elementor-widget elementor-widget-heading\" data-id=\"30023fb\" data-element_type=\"widget\" data-e-type=\"widget\" data-widget_type=\"heading.default\">\n\t\t\t\t<div class=\"elementor-widget-container\">\n\t\t\t\t\t<h1 class=\"elementor-heading-title elementor-size-default\">Senin <span>Kullan\u0131c\u0131 alan\u0131n<\/span><\/h1>\t\t\t\t<\/div>\n\t\t\t\t<\/div>\n\t\t\t\t<div class=\"elementor-element elementor-element-8d469ea elementor-widget elementor-widget-text-editor\" data-id=\"8d469ea\" data-element_type=\"widget\" data-e-type=\"widget\" data-widget_type=\"text-editor.default\">\n\t\t\t\t<div class=\"elementor-widget-container\">\n\t\t\t\t\t\t\t\t\t<p>\u00d6nceki ba\u011f\u0131\u015flar\u0131n\u0131z\u0131 g\u00f6r\u00fcnt\u00fclemek i\u00e7in kullan\u0131c\u0131 hesab\u0131n\u0131zla giri\u015f yap\u0131n.<\/p>\t\t\t\t\t\t\t\t<\/div>\n\t\t\t\t<\/div>\n\t\t\t\t<div class=\"elementor-element elementor-element-4a8a8fe elementor-widget elementor-widget-jet-login\" data-id=\"4a8a8fe\" data-element_type=\"widget\" data-e-type=\"widget\" data-widget_type=\"jet-login.default\">\n\t\t\t\t<div class=\"elementor-widget-container\">\n\t\t\t\t\t<div class=\"elementor-jet-login jet-blocks\"><div class=\"jet-login\"><form name=\"loginform\" id=\"loginform\"  method=\"post\" action=\"\"><p class=\"login-username\">\n\t\t\t\t<label for=\"user_login\"><\/label>\n\t\t\t\t<input type=\"text\" name=\"log\" id=\"user_login\" placeholder=\"Kullan\u0131c\u0131 ad\u0131\" autocomplete=\"username\" class=\"input\" value=\"\" size=\"20\" \/>\n\t\t\t<\/p><p class=\"login-password\">\n\t\t\t\t<label for=\"user_pass\"><\/label>\n\t\t\t\t<p class=\"login-password__wrapper\"><input type=\"password\" name=\"pwd\" id=\"user_pass\" placeholder=\"\u015fifre\" autocomplete=\"current-password\" spellcheck=\"false\" class=\"input\" value=\"\" size=\"20\" \/>\n\t\t\t<svg xmlns=\"http:\/\/www.w3.org\/2000\/svg\" aria-hidden=\"true\" class=\"e-font-icon-svg e-far-eye password-visibility__icon password-visibility__icon--show show\" viewbox=\"0 0 576 512\">\n\t\t\t\t<path d=\"M288 144a110.94 110.94 0 0 0-31.24 5 55.4 55.4 0 0 1 7.24 27 56 56 0 0 1-56 56 55.4 55.4 0 0 1-27-7.24A111.71 111.71 0 1 0 288 144zm284.52 97.4C518.29 135.59 410.93 64 288 64S57.68 135.64 3.48 241.41a32.35 32.35 0 0 0 0 29.19C57.71 376.41 165.07 448 288 448s230.32-71.64 284.52-177.41a32.35 32.35 0 0 0 0-29.19zM288 400c-98.65 0-189.09-55-237.93-144C98.91 167 189.34 112 288 112s189.09 55 237.93 144C477.1 345 386.66 400 288 400z\"><\/path>\n\t\t\t<\/svg>\n\t\t\t<svg xmlns=\"http:\/\/www.w3.org\/2000\/svg\" aria-hidden=\"true\" class=\"e-font-icon-svg e-far-eye-slash password-visibility__icon password-visibility__icon--hide\" viewbox=\"0 0 640 512\">\n\t\t\t\t<path d=\"M634 471L36 3.51A16 16 0 0 0 13.51 6l-10 12.49A16 16 0 0 0 6 41l598 467.49a16 16 0 0 0 22.49-2.49l10-12.49A16 16 0 0 0 634 471zM296.79 146.47l134.79 105.38C429.36 191.91 380.48 144 320 144a112.26 112.26 0 0 0-23.21 2.47zm46.42 219.07L208.42 260.16C210.65 320.09 259.53 368 320 368a113 113 0 0 0 23.21-2.46zM320 112c98.65 0 189.09 55 237.93 144a285.53 285.53 0 0 1-44 60.2l37.74 29.5a333.7 333.7 0 0 0 52.9-75.11 32.35 32.35 0 0 0 0-29.19C550.29 135.59 442.93 64 320 64c-36.7 0-71.71 7-104.63 18.81l46.41 36.29c18.94-4.3 38.34-7.1 58.22-7.1zm0 288c-98.65 0-189.08-55-237.93-144a285.47 285.47 0 0 1 44.05-60.19l-37.74-29.5a333.6 333.6 0 0 0-52.89 75.1 32.35 32.35 0 0 0 0 29.19C89.72 376.41 197.08 448 320 448c36.7 0 71.71-7.05 104.63-18.81l-46.41-36.28C359.28 397.2 339.89 400 320 400z\"><\/path>\n\t\t\t<\/svg><\/p>\n\t\t\t<\/p><p class=\"login-remember\"><label><input name=\"rememberme\" type=\"checkbox\" id=\"rememberme\" value=\"forever\" \/> Oturumunuzu a\u00e7\u0131k tutun<\/label><\/p><p class=\"login-submit\">\n\t\t\t\t<input type=\"submit\" name=\"wp-submit\" id=\"wp-submit\" class=\"button button-primary\" value=\"Giri\u015f yap\" \/>\n\t\t\t\t<input type=\"hidden\" name=\"redirect_to\" value=\"https:\/\/dr-sahin.help\/tr\/\" \/>\n\t\t\t<\/p><input type=\"hidden\" name=\"jet_login\" value=\"1\"><input type=\"hidden\" name=\"trp-form-language\" value=\"tr\"\/><\/form><\/div><\/div>\t\t\t\t<\/div>\n\t\t\t\t<\/div>\n\t\t\t\t<div class=\"elementor-element elementor-element-2dcaf7d elementor-align-left elementor-widget elementor-widget-button\" data-id=\"2dcaf7d\" data-element_type=\"widget\" data-e-type=\"widget\" data-widget_type=\"button.default\">\n\t\t\t\t<div class=\"elementor-widget-container\">\n\t\t\t\t\t\t\t\t\t<div class=\"elementor-button-wrapper\">\n\t\t\t\t\t<a class=\"elementor-button elementor-button-link elementor-size-sm\" href=\"https:\/\/dr-sahin.help\/tr\/passwort-vergessen\/\">\n\t\t\t\t\t\t<span class=\"elementor-button-content-wrapper\">\n\t\t\t\t\t\t<span class=\"elementor-button-icon\">\n\t\t\t\t<i aria-hidden=\"true\" class=\"feather feather-key\"><\/i>\t\t\t<\/span>\n\t\t\t\t\t\t\t\t\t<span class=\"elementor-button-text\">\u015eifrenizi mi unuttunuz?<\/span>\n\t\t\t\t\t<\/span>\n\t\t\t\t\t<\/a>\n\t\t\t\t<\/div>\n\t\t\t\t\t\t\t\t<\/div>\n\t\t\t\t<\/div>\n\t\t\t\t<\/div>\n\t\t<div class=\"elementor-element elementor-element-43dc844 e-con-full e-flex e-con e-child\" data-id=\"43dc844\" data-element_type=\"container\" data-e-type=\"container\" data-settings=\"{&quot;background_background&quot;:&quot;classic&quot;}\">\n\t\t<div class=\"elementor-element elementor-element-ee82ff0 e-con-full e-flex e-con e-child\" data-id=\"ee82ff0\" data-element_type=\"container\" data-e-type=\"container\" data-settings=\"{&quot;background_background&quot;:&quot;gradient&quot;}\">\n\t\t\t\t<div class=\"elementor-element elementor-element-08d3314 elementor-widget elementor-widget-heading\" data-id=\"08d3314\" data-element_type=\"widget\" data-e-type=\"widget\" data-widget_type=\"heading.default\">\n\t\t\t\t<div class=\"elementor-widget-container\">\n\t\t\t\t\t<h2 class=\"elementor-heading-title elementor-size-default\">Bir ba\u011f\u0131\u015f\u00e7\u0131 olarak avantajlar\u0131n\u0131z<\/h2>\t\t\t\t<\/div>\n\t\t\t\t<\/div>\n\t\t\t\t<div class=\"elementor-element elementor-element-d190e46 elementor-widget__width-inherit elementor-icon-list--layout-traditional elementor-list-item-link-full_width elementor-widget elementor-widget-icon-list\" data-id=\"d190e46\" data-element_type=\"widget\" data-e-type=\"widget\" data-widget_type=\"icon-list.default\">\n\t\t\t\t<div class=\"elementor-widget-container\">\n\t\t\t\t\t\t\t<ul class=\"elementor-icon-list-items\">\n\t\t\t\t\t\t\t<li class=\"elementor-icon-list-item\">\n\t\t\t\t\t\t\t\t\t\t\t<span class=\"elementor-icon-list-icon\">\n\t\t\t\t\t\t\t<i aria-hidden=\"true\" class=\"dcbold- dc-bold-rounded-b-check\"><\/i>\t\t\t\t\t\t<\/span>\n\t\t\t\t\t\t\t\t\t\t<span class=\"elementor-icon-list-text\">Bir bak\u0131\u015fta t\u00fcm ba\u011f\u0131\u015flar<\/span>\n\t\t\t\t\t\t\t\t\t<\/li>\n\t\t\t\t\t\t\t\t<li class=\"elementor-icon-list-item\">\n\t\t\t\t\t\t\t\t\t\t\t<span class=\"elementor-icon-list-icon\">\n\t\t\t\t\t\t\t<i aria-hidden=\"true\" class=\"dcbold- dc-bold-rounded-b-check\"><\/i>\t\t\t\t\t\t<\/span>\n\t\t\t\t\t\t\t\t\t\t<span class=\"elementor-icon-list-text\">Verileriniz \u00f6nceden depoland\u0131\u011f\u0131 i\u00e7in daha h\u0131zl\u0131 ba\u011f\u0131\u015flar<\/span>\n\t\t\t\t\t\t\t\t\t<\/li>\n\t\t\t\t\t\t\t\t<li class=\"elementor-icon-list-item\">\n\t\t\t\t\t\t\t\t\t\t\t<span class=\"elementor-icon-list-icon\">\n\t\t\t\t\t\t\t<i aria-hidden=\"true\" class=\"dcbold- dc-bold-rounded-b-check\"><\/i>\t\t\t\t\t\t<\/span>\n\t\t\t\t\t\t\t\t\t\t<span class=\"elementor-icon-list-text\">G\u00fcncel kal\u0131n<\/span>\n\t\t\t\t\t\t\t\t\t<\/li>\n\t\t\t\t\t\t<\/ul>\n\t\t\t\t\t\t<\/div>\n\t\t\t\t<\/div>\n\t\t\t\t<div class=\"elementor-element elementor-element-af554ce elementor-align-left elementor-widget elementor-widget-button\" data-id=\"af554ce\" data-element_type=\"widget\" data-e-type=\"widget\" data-widget_type=\"button.default\">\n\t\t\t\t<div class=\"elementor-widget-container\">\n\t\t\t\t\t\t\t\t\t<div class=\"elementor-button-wrapper\">\n\t\t\t\t\t<a class=\"elementor-button elementor-button-link elementor-size-sm\" href=\"https:\/\/dr-sahin.help\/tr\/registrieren\/\">\n\t\t\t\t\t\t<span class=\"elementor-button-content-wrapper\">\n\t\t\t\t\t\t<span class=\"elementor-button-icon\">\n\t\t\t\t<i aria-hidden=\"true\" class=\"dcbold- dc-bold-rounded-b-chevron-right\"><\/i>\t\t\t<\/span>\n\t\t\t\t\t\t\t\t\t<span class=\"elementor-button-text\">\u015eimdi kay\u0131t olun<\/span>\n\t\t\t\t\t<\/span>\n\t\t\t\t\t<\/a>\n\t\t\t\t<\/div>\n\t\t\t\t\t\t\t\t<\/div>\n\t\t\t\t<\/div>\n\t\t\t\t<\/div>\n\t\t\t\t<\/div>\n\t\t\t\t<\/div>\n\t\t\t\t\t<\/div>\n\t\t\t\t<\/div>\n\t\t\t\t<\/div>","protected":false},"excerpt":{"rendered":"<p>Ihr Nutzer&shy;bereich Melden sie Sich mit Ihrem Benutzerkonto an um Ihre bisherigen Spenden ansehen zu k\u00f6nnen. Eingeloggt bleiben Passwort vergessen? Ihre Vorteile als Spender Alle Spenden im \u00dcberblick Schnelleres Spenden, da Ihre Daten vorgespeichert sind Bleiben Sie auf dem neuesten Stand Jetzt registrieren<\/p>","protected":false},"author":1,"featured_media":0,"parent":0,"menu_order":0,"comment_status":"closed","ping_status":"closed","template":"","meta":{"footnotes":""},"class_list":["post-295","page","type-page","status-publish","hentry"],"yoast_head":"<!-- This site is optimized with the Yoast SEO plugin v27.2 - https:\/\/yoast.com\/product\/yoast-seo-wordpress\/ -->\n<title>Login &#8212; Dr. \u015eahin help<\/title>\n<meta name=\"robots\" content=\"index, follow, max-snippet:-1, max-image-preview:large, max-video-preview:-1\" \/>\n<link rel=\"canonical\" href=\"https:\/\/dr-sahin.help\/tr\/giris\/\" \/>\n<meta property=\"og:locale\" content=\"tr_TR\" \/>\n<meta property=\"og:type\" content=\"article\" \/>\n<meta property=\"og:title\" content=\"Login &#8212; Dr. \u015eahin help\" \/>\n<meta property=\"og:description\" content=\"Ihr Nutzer&shy;bereich Melden sie Sich mit Ihrem Benutzerkonto an um Ihre bisherigen Spenden ansehen zu k\u00f6nnen. Eingeloggt bleiben Passwort vergessen? Ihre Vorteile als Spender Alle Spenden im \u00dcberblick Schnelleres Spenden, da Ihre Daten vorgespeichert sind Bleiben Sie auf dem neuesten Stand Jetzt registrieren\" \/>\n<meta property=\"og:url\" content=\"https:\/\/dr-sahin.help\/tr\/giris\/\" \/>\n<meta property=\"og:site_name\" content=\"Dr. \u015eahin help\" \/>\n<meta property=\"article:publisher\" content=\"https:\/\/www.facebook.com\/Drsahinhelp\" \/>\n<meta property=\"article:modified_time\" content=\"2026-01-19T11:57:31+00:00\" \/>\n<meta name=\"twitter:card\" content=\"summary_large_image\" \/>\n<meta name=\"twitter:label1\" content=\"Tahmini okuma s\u00fcresi\" \/>\n\t<meta name=\"twitter:data1\" content=\"1 dakika\" \/>\n<script type=\"application\/ld+json\" class=\"yoast-schema-graph\">{\"@context\":\"https:\/\/schema.org\",\"@graph\":[{\"@type\":\"WebPage\",\"@id\":\"https:\/\/dr-sahin.help\/login\/\",\"url\":\"https:\/\/dr-sahin.help\/login\/\",\"name\":\"Login &#8212; Dr. \u015eahin help\",\"isPartOf\":{\"@id\":\"https:\/\/dr-sahin.help\/#website\"},\"datePublished\":\"2025-08-29T12:01:37+00:00\",\"dateModified\":\"2026-01-19T11:57:31+00:00\",\"breadcrumb\":{\"@id\":\"https:\/\/dr-sahin.help\/login\/#breadcrumb\"},\"inLanguage\":\"tr\",\"potentialAction\":[{\"@type\":\"ReadAction\",\"target\":[\"https:\/\/dr-sahin.help\/login\/\"]}]},{\"@type\":\"BreadcrumbList\",\"@id\":\"https:\/\/dr-sahin.help\/login\/#breadcrumb\",\"itemListElement\":[{\"@type\":\"ListItem\",\"position\":1,\"name\":\"Startseite\",\"item\":\"https:\/\/dr-sahin.help\/\"},{\"@type\":\"ListItem\",\"position\":2,\"name\":\"Login\"}]},{\"@type\":\"WebSite\",\"@id\":\"https:\/\/dr-sahin.help\/#website\",\"url\":\"https:\/\/dr-sahin.help\/\",\"name\":\"Dr. \u015eahin HELP\",\"description\":\"Spenden f\u00fcr Bed\u00fcrftige\",\"publisher\":{\"@id\":\"https:\/\/dr-sahin.help\/#organization\"},\"alternateName\":\"Dr. Sahin HELP\",\"potentialAction\":[{\"@type\":\"SearchAction\",\"target\":{\"@type\":\"EntryPoint\",\"urlTemplate\":\"https:\/\/dr-sahin.help\/?s={search_term_string}\"},\"query-input\":{\"@type\":\"PropertyValueSpecification\",\"valueRequired\":true,\"valueName\":\"search_term_string\"}}],\"inLanguage\":\"tr\"},{\"@type\":\"Organization\",\"@id\":\"https:\/\/dr-sahin.help\/#organization\",\"name\":\"Dr. \u015eahin HELP\",\"alternateName\":\"Dr. Sahin HELP\",\"url\":\"https:\/\/dr-sahin.help\/\",\"logo\":{\"@type\":\"ImageObject\",\"inLanguage\":\"tr\",\"@id\":\"https:\/\/dr-sahin.help\/#\/schema\/logo\/image\/\",\"url\":\"https:\/\/dr-sahin.help\/wp-content\/uploads\/2025\/08\/SiteLogo.png\",\"contentUrl\":\"https:\/\/dr-sahin.help\/wp-content\/uploads\/2025\/08\/SiteLogo.png\",\"width\":1337,\"height\":480,\"caption\":\"Dr. \u015eahin HELP\"},\"image\":{\"@id\":\"https:\/\/dr-sahin.help\/#\/schema\/logo\/image\/\"},\"sameAs\":[\"https:\/\/www.facebook.com\/Drsahinhelp\",\"https:\/\/www.instagram.com\/drsahin_help\/\"]}]}<\/script>\n<!-- \/ Yoast SEO plugin. -->","yoast_head_json":{"title":"Giri\u015f - Dr \u015eahin yard\u0131m","robots":{"index":"index","follow":"follow","max-snippet":"max-snippet:-1","max-image-preview":"max-image-preview:large","max-video-preview":"max-video-preview:-1"},"canonical":"https:\/\/dr-sahin.help\/tr\/giris\/","og_locale":"tr_TR","og_type":"article","og_title":"Login &#8212; Dr. \u015eahin help","og_description":"Ihr Nutzer&shy;bereich Melden sie Sich mit Ihrem Benutzerkonto an um Ihre bisherigen Spenden ansehen zu k\u00f6nnen. Eingeloggt bleiben Passwort vergessen? Ihre Vorteile als Spender Alle Spenden im \u00dcberblick Schnelleres Spenden, da Ihre Daten vorgespeichert sind Bleiben Sie auf dem neuesten Stand Jetzt registrieren","og_url":"https:\/\/dr-sahin.help\/tr\/giris\/","og_site_name":"Dr. \u015eahin help","article_publisher":"https:\/\/www.facebook.com\/Drsahinhelp","article_modified_time":"2026-01-19T11:57:31+00:00","twitter_card":"summary_large_image","twitter_misc":{"Tahmini okuma s\u00fcresi":"1 dakika"},"schema":{"@context":"https:\/\/schema.org","@graph":[{"@type":"WebPage","@id":"https:\/\/dr-sahin.help\/login\/","url":"https:\/\/dr-sahin.help\/login\/","name":"Giri\u015f - Dr \u015eahin yard\u0131m","isPartOf":{"@id":"https:\/\/dr-sahin.help\/#website"},"datePublished":"2025-08-29T12:01:37+00:00","dateModified":"2026-01-19T11:57:31+00:00","breadcrumb":{"@id":"https:\/\/dr-sahin.help\/login\/#breadcrumb"},"inLanguage":"tr","potentialAction":[{"@type":"ReadAction","target":["https:\/\/dr-sahin.help\/login\/"]}]},{"@type":"BreadcrumbList","@id":"https:\/\/dr-sahin.help\/login\/#breadcrumb","itemListElement":[{"@type":"ListItem","position":1,"name":"Startseite","item":"https:\/\/dr-sahin.help\/"},{"@type":"ListItem","position":2,"name":"Login"}]},{"@type":"WebSite","@id":"https:\/\/dr-sahin.help\/#website","url":"https:\/\/dr-sahin.help\/","name":"Dr. \u015eahin HELP","description":"\u0130htiya\u00e7 sahipleri i\u00e7in ba\u011f\u0131\u015flar","publisher":{"@id":"https:\/\/dr-sahin.help\/#organization"},"alternateName":"Dr. Sahin HELP","potentialAction":[{"@type":"SearchAction","target":{"@type":"EntryPoint","urlTemplate":"https:\/\/dr-sahin.help\/?s={search_term_string}"},"query-input":{"@type":"PropertyValueSpecification","valueRequired":true,"valueName":"search_term_string"}}],"inLanguage":"tr"},{"@type":"Organization","@id":"https:\/\/dr-sahin.help\/#organization","name":"Dr. \u015eahin HELP","alternateName":"Dr. Sahin HELP","url":"https:\/\/dr-sahin.help\/","logo":{"@type":"ImageObject","inLanguage":"tr","@id":"https:\/\/dr-sahin.help\/#\/schema\/logo\/image\/","url":"https:\/\/dr-sahin.help\/wp-content\/uploads\/2025\/08\/SiteLogo.png","contentUrl":"https:\/\/dr-sahin.help\/wp-content\/uploads\/2025\/08\/SiteLogo.png","width":1337,"height":480,"caption":"Dr. \u015eahin HELP"},"image":{"@id":"https:\/\/dr-sahin.help\/#\/schema\/logo\/image\/"},"sameAs":["https:\/\/www.facebook.com\/Drsahinhelp","https:\/\/www.instagram.com\/drsahin_help\/"]}]}},"jetpack_sharing_enabled":true,"_links":{"self":[{"href":"https:\/\/dr-sahin.help\/tr\/wp-json\/wp\/v2\/pages\/295","targetHints":{"allow":["GET"]}}],"collection":[{"href":"https:\/\/dr-sahin.help\/tr\/wp-json\/wp\/v2\/pages"}],"about":[{"href":"https:\/\/dr-sahin.help\/tr\/wp-json\/wp\/v2\/types\/page"}],"author":[{"embeddable":true,"href":"https:\/\/dr-sahin.help\/tr\/wp-json\/wp\/v2\/users\/1"}],"replies":[{"embeddable":true,"href":"https:\/\/dr-sahin.help\/tr\/wp-json\/wp\/v2\/comments?post=295"}],"version-history":[{"count":379,"href":"https:\/\/dr-sahin.help\/tr\/wp-json\/wp\/v2\/pages\/295\/revisions"}],"predecessor-version":[{"id":10519,"href":"https:\/\/dr-sahin.help\/tr\/wp-json\/wp\/v2\/pages\/295\/revisions\/10519"}],"wp:attachment":[{"href":"https:\/\/dr-sahin.help\/tr\/wp-json\/wp\/v2\/media?parent=295"}],"curies":[{"name":"wp","href":"https:\/\/api.w.org\/{rel}","templated":true}]}}