{"id":1528,"date":"2025-09-12T10:33:35","date_gmt":"2025-09-12T08:33:35","guid":{"rendered":"https:\/\/dr-sahin.help\/?page_id=1528"},"modified":"2025-09-12T13:16:39","modified_gmt":"2025-09-12T11:16:39","slug":"passwort-vergessen","status":"publish","type":"page","link":"https:\/\/dr-sahin.help\/fr\/passwort-vergessen\/","title":{"rendered":"Mot de passe oubli\u00e9"},"content":{"rendered":"<div data-elementor-type=\"wp-page\" data-elementor-id=\"1528\" class=\"elementor elementor-1528\" data-elementor-post-type=\"page\">\n\t\t\t\t<div class=\"elementor-element elementor-element-64dd44c e-flex e-con-boxed e-con e-parent\" data-id=\"64dd44c\" data-element_type=\"container\" data-e-type=\"container\">\n\t\t\t\t\t<div class=\"e-con-inner\">\n\t\t<div class=\"elementor-element elementor-element-795a7f6 e-con-full e-flex e-con e-child\" data-id=\"795a7f6\" data-element_type=\"container\" data-e-type=\"container\" data-settings=\"{&quot;background_background&quot;:&quot;classic&quot;}\">\n\t\t<div class=\"elementor-element elementor-element-7fd598c e-con-full e-flex e-con e-child\" data-id=\"7fd598c\" data-element_type=\"container\" data-e-type=\"container\">\n\t\t\t\t<div class=\"elementor-element elementor-element-bdb2dd7 elementor-widget-mobile__width-inherit elementor-widget elementor-widget-heading\" data-id=\"bdb2dd7\" data-element_type=\"widget\" data-e-type=\"widget\" data-widget_type=\"heading.default\">\n\t\t\t\t<div class=\"elementor-widget-container\">\n\t\t\t\t\t<h1 class=\"elementor-heading-title elementor-size-default\">Mot de passe <span>Oubli\u00e9 ?<\/span><\/h1>\t\t\t\t<\/div>\n\t\t\t\t<\/div>\n\t\t\t\t<div class=\"elementor-element elementor-element-c4c4b5a elementor-widget elementor-widget-jet-reset\" data-id=\"c4c4b5a\" data-element_type=\"widget\" data-e-type=\"widget\" data-widget_type=\"jet-reset.default\">\n\t\t\t\t<div class=\"elementor-widget-container\">\n\t\t\t\t\t\n<div class=\"jet-reset\">\n\n\t\n\t\n\t<form id=\"lostpasswordform\" class=\"jet-reset__form\" name=\"lostpasswordform\" method=\"post\" action=\"\">\n\n\t\t\n\t\t\n\t\t\t<div class=\"jet-reset__form-text\">\n\t\t\t\t<p>Veuillez saisir votre adresse e-mail ou votre nom d'utilisateur. Vous recevrez ensuite un e-mail vous permettant de d\u00e9finir un nouveau mot de passe.<\/p>\n\t\t\t<\/div>\n\n\t\t\n\t\t<p class=\"jet_reset__user-info\">\n\n\t\t\t<label for=\"jet_reset_user_info\">votre adresse e-mail ou votre nom d'utilisateur<\/label>\n\t\t\t<input class=\"input\" type=\"text\" name=\"jet_reset_user_info\" id=\"jet_reset_user_info\">\n\n\t\t<\/p>\n\n\t\t<div class=\"jet-reset__submit\">\n\n\t\t\t<input type=\"hidden\" id=\"jet_reset_nonce\" name=\"jet_reset_nonce\" value=\"b98e118cb8\" \/><input type=\"hidden\" name=\"_wp_http_referer\" value=\"\/fr\/wp-json\/wp\/v2\/pages\/1528\" \/>\t\t\t<input type=\"hidden\" name=\"submitted\" id=\"submitted\" value=\"true\">\n\t\t\t<input type=\"hidden\" name=\"jet_reset_action\" id=\"jet_reset_post_action\" value=\"jet_reset_lost_pass\">\n\t\t\t<button type=\"submit\" id=\"jet-reset-pass-submit\" name=\"jet-reset-pass-submit\" class=\"button button-primary jet-reset__button\">R\u00e9initialiser le mot de passe<\/button>\n\n\t\t<\/div>\n\n\t<input type=\"hidden\" name=\"trp-form-language\" value=\"fr\"\/><\/form>\n\n\t\n<\/div>\t\t\t\t<\/div>\n\t\t\t\t<\/div>\n\t\t\t\t<\/div>\n\t\t<div class=\"elementor-element elementor-element-b22d4e4 e-con-full e-flex e-con e-child\" data-id=\"b22d4e4\" data-element_type=\"container\" data-e-type=\"container\" data-settings=\"{&quot;background_background&quot;:&quot;classic&quot;}\">\n\t\t<div class=\"elementor-element elementor-element-21595d9 e-con-full e-flex e-con e-child\" data-id=\"21595d9\" data-element_type=\"container\" data-e-type=\"container\" data-settings=\"{&quot;background_background&quot;:&quot;gradient&quot;}\">\n\t\t\t\t<div class=\"elementor-element elementor-element-d647628 elementor-widget elementor-widget-heading\" data-id=\"d647628\" data-element_type=\"widget\" data-e-type=\"widget\" data-widget_type=\"heading.default\">\n\t\t\t\t<div class=\"elementor-widget-container\">\n\t\t\t\t\t<h2 class=\"elementor-heading-title elementor-size-default\">V\u00f4tre <span>Avantages en tant que membre<\/span><\/h2>\t\t\t\t<\/div>\n\t\t\t\t<\/div>\n\t\t\t\t<div class=\"elementor-element elementor-element-43b9d96 elementor-widget__width-inherit elementor-icon-list--layout-traditional elementor-list-item-link-full_width elementor-widget elementor-widget-icon-list\" data-id=\"43b9d96\" data-element_type=\"widget\" data-e-type=\"widget\" data-widget_type=\"icon-list.default\">\n\t\t\t\t<div class=\"elementor-widget-container\">\n\t\t\t\t\t\t\t<ul class=\"elementor-icon-list-items\">\n\t\t\t\t\t\t\t<li class=\"elementor-icon-list-item\">\n\t\t\t\t\t\t\t\t\t\t\t<span class=\"elementor-icon-list-icon\">\n\t\t\t\t\t\t\t<i aria-hidden=\"true\" class=\"dcbold- dc-bold-rounded-b-check\"><\/i>\t\t\t\t\t\t<\/span>\n\t\t\t\t\t\t\t\t\t\t<span class=\"elementor-icon-list-text\">Aper\u00e7u de tous les justificatifs de dons<\/span>\n\t\t\t\t\t\t\t\t\t<\/li>\n\t\t\t\t\t\t\t\t<li class=\"elementor-icon-list-item\">\n\t\t\t\t\t\t\t\t\t\t\t<span class=\"elementor-icon-list-icon\">\n\t\t\t\t\t\t\t<i aria-hidden=\"true\" class=\"dcbold- dc-bold-rounded-b-check\"><\/i>\t\t\t\t\t\t<\/span>\n\t\t\t\t\t\t\t\t\t\t<span class=\"elementor-icon-list-text\">Donner plus rapidement, car vos donn\u00e9es sont pr\u00e9enregistr\u00e9es<\/span>\n\t\t\t\t\t\t\t\t\t<\/li>\n\t\t\t\t\t\t\t\t<li class=\"elementor-icon-list-item\">\n\t\t\t\t\t\t\t\t\t\t\t<span class=\"elementor-icon-list-icon\">\n\t\t\t\t\t\t\t<i aria-hidden=\"true\" class=\"dcbold- dc-bold-rounded-b-check\"><\/i>\t\t\t\t\t\t<\/span>\n\t\t\t\t\t\t\t\t\t\t<span class=\"elementor-icon-list-text\">Restez \u00e0 jour<\/span>\n\t\t\t\t\t\t\t\t\t<\/li>\n\t\t\t\t\t\t<\/ul>\n\t\t\t\t\t\t<\/div>\n\t\t\t\t<\/div>\n\t\t\t\t<div class=\"elementor-element elementor-element-8442ec2 elementor-align-left elementor-widget elementor-widget-button\" data-id=\"8442ec2\" data-element_type=\"widget\" data-e-type=\"widget\" data-widget_type=\"button.default\">\n\t\t\t\t<div class=\"elementor-widget-container\">\n\t\t\t\t\t\t\t\t\t<div class=\"elementor-button-wrapper\">\n\t\t\t\t\t<a class=\"elementor-button elementor-button-link elementor-size-sm\" href=\"#\">\n\t\t\t\t\t\t<span class=\"elementor-button-content-wrapper\">\n\t\t\t\t\t\t<span class=\"elementor-button-icon\">\n\t\t\t\t<i aria-hidden=\"true\" class=\"dcbold- dc-bold-rounded-b-chevron-right\"><\/i>\t\t\t<\/span>\n\t\t\t\t\t\t\t\t\t<span class=\"elementor-button-text\">S'inscrire maintenant<\/span>\n\t\t\t\t\t<\/span>\n\t\t\t\t\t<\/a>\n\t\t\t\t<\/div>\n\t\t\t\t\t\t\t\t<\/div>\n\t\t\t\t<\/div>\n\t\t\t\t<\/div>\n\t\t\t\t<\/div>\n\t\t\t\t<\/div>\n\t\t\t\t\t<\/div>\n\t\t\t\t<\/div>\n\t\t\t\t<\/div>","protected":false},"excerpt":{"rendered":"<p>Vous avez oubli\u00e9 votre mot de passe ? Veuillez saisir votre adresse e-mail ou votre nom d'utilisateur. Vous recevrez ensuite un e-mail vous permettant de d\u00e9finir un nouveau mot de passe. Votre adresse e-mail ou votre nom d'utilisateur R\u00e9initialiser votre mot de passe Vos avantages en tant que membre Aper\u00e7u de tous les justificatifs de dons Donner plus rapidement, car vos donn\u00e9es sont pr\u00e9enregistr\u00e9es Rester \u00e0 jour Inscrivez-vous maintenant<\/p>","protected":false},"author":1,"featured_media":0,"parent":0,"menu_order":0,"comment_status":"closed","ping_status":"closed","template":"","meta":{"footnotes":""},"class_list":["post-1528","page","type-page","status-publish","hentry"],"yoast_head":"<!-- This site is optimized with the Yoast SEO plugin v27.2 - https:\/\/yoast.com\/product\/yoast-seo-wordpress\/ -->\n<title>Passwort vergessen &#8212; Dr. \u015eahin help<\/title>\n<meta name=\"robots\" content=\"index, follow, max-snippet:-1, max-image-preview:large, max-video-preview:-1\" \/>\n<link rel=\"canonical\" href=\"https:\/\/dr-sahin.help\/fr\/passwort-vergessen\/\" \/>\n<meta property=\"og:locale\" content=\"fr_FR\" \/>\n<meta property=\"og:type\" content=\"article\" \/>\n<meta property=\"og:title\" content=\"Passwort vergessen &#8212; Dr. \u015eahin help\" \/>\n<meta property=\"og:description\" content=\"Passwort Vergessen? Bitte geben Sie Ihre E-Mail Adresse oder Benutzernamen ein. Sie erhalten im Anschluss eine E-Mail, um ein neues Passwort zu definieren. Ihre E-Mail Adresse oder Benutzername Passwort zur\u00fccksetzen Ihre Vorteile als Member Alle Spendenbelege im \u00dcberblick Schnelleres Spenden, da Ihre Daten vorgespeichert sind Bleiben Sie auf dem neuesten Stand Jetzt registrieren\" \/>\n<meta property=\"og:url\" content=\"https:\/\/dr-sahin.help\/fr\/passwort-vergessen\/\" \/>\n<meta property=\"og:site_name\" content=\"Dr. \u015eahin help\" \/>\n<meta property=\"article:publisher\" content=\"https:\/\/www.facebook.com\/Drsahinhelp\" \/>\n<meta property=\"article:modified_time\" content=\"2025-09-12T11:16:39+00:00\" \/>\n<meta name=\"twitter:card\" content=\"summary_large_image\" \/>\n<meta name=\"twitter:label1\" content=\"Dur\u00e9e de lecture estim\u00e9e\" \/>\n\t<meta name=\"twitter:data1\" content=\"1 minute\" \/>\n<script type=\"application\/ld+json\" class=\"yoast-schema-graph\">{\"@context\":\"https:\/\/schema.org\",\"@graph\":[{\"@type\":\"WebPage\",\"@id\":\"https:\/\/dr-sahin.help\/passwort-vergessen\/\",\"url\":\"https:\/\/dr-sahin.help\/passwort-vergessen\/\",\"name\":\"Passwort vergessen &#8212; Dr. \u015eahin help\",\"isPartOf\":{\"@id\":\"https:\/\/dr-sahin.help\/#website\"},\"datePublished\":\"2025-09-12T08:33:35+00:00\",\"dateModified\":\"2025-09-12T11:16:39+00:00\",\"breadcrumb\":{\"@id\":\"https:\/\/dr-sahin.help\/passwort-vergessen\/#breadcrumb\"},\"inLanguage\":\"fr-FR\",\"potentialAction\":[{\"@type\":\"ReadAction\",\"target\":[\"https:\/\/dr-sahin.help\/passwort-vergessen\/\"]}]},{\"@type\":\"BreadcrumbList\",\"@id\":\"https:\/\/dr-sahin.help\/passwort-vergessen\/#breadcrumb\",\"itemListElement\":[{\"@type\":\"ListItem\",\"position\":1,\"name\":\"Startseite\",\"item\":\"https:\/\/dr-sahin.help\/\"},{\"@type\":\"ListItem\",\"position\":2,\"name\":\"Passwort vergessen\"}]},{\"@type\":\"WebSite\",\"@id\":\"https:\/\/dr-sahin.help\/#website\",\"url\":\"https:\/\/dr-sahin.help\/\",\"name\":\"Dr. \u015eahin HELP\",\"description\":\"Spenden f\u00fcr Bed\u00fcrftige\",\"publisher\":{\"@id\":\"https:\/\/dr-sahin.help\/#organization\"},\"alternateName\":\"Dr. Sahin HELP\",\"potentialAction\":[{\"@type\":\"SearchAction\",\"target\":{\"@type\":\"EntryPoint\",\"urlTemplate\":\"https:\/\/dr-sahin.help\/?s={search_term_string}\"},\"query-input\":{\"@type\":\"PropertyValueSpecification\",\"valueRequired\":true,\"valueName\":\"search_term_string\"}}],\"inLanguage\":\"fr-FR\"},{\"@type\":\"Organization\",\"@id\":\"https:\/\/dr-sahin.help\/#organization\",\"name\":\"Dr. \u015eahin HELP\",\"alternateName\":\"Dr. Sahin HELP\",\"url\":\"https:\/\/dr-sahin.help\/\",\"logo\":{\"@type\":\"ImageObject\",\"inLanguage\":\"fr-FR\",\"@id\":\"https:\/\/dr-sahin.help\/#\/schema\/logo\/image\/\",\"url\":\"https:\/\/dr-sahin.help\/wp-content\/uploads\/2025\/08\/SiteLogo.png\",\"contentUrl\":\"https:\/\/dr-sahin.help\/wp-content\/uploads\/2025\/08\/SiteLogo.png\",\"width\":1337,\"height\":480,\"caption\":\"Dr. \u015eahin HELP\"},\"image\":{\"@id\":\"https:\/\/dr-sahin.help\/#\/schema\/logo\/image\/\"},\"sameAs\":[\"https:\/\/www.facebook.com\/Drsahinhelp\",\"https:\/\/www.instagram.com\/drsahin_help\/\"]}]}<\/script>\n<!-- \/ Yoast SEO plugin. -->","yoast_head_json":{"title":"Mot de passe oubli\u00e9 - Dr. \u015eahin help","robots":{"index":"index","follow":"follow","max-snippet":"max-snippet:-1","max-image-preview":"max-image-preview:large","max-video-preview":"max-video-preview:-1"},"canonical":"https:\/\/dr-sahin.help\/fr\/passwort-vergessen\/","og_locale":"fr_FR","og_type":"article","og_title":"Passwort vergessen &#8212; Dr. \u015eahin help","og_description":"Passwort Vergessen? Bitte geben Sie Ihre E-Mail Adresse oder Benutzernamen ein. Sie erhalten im Anschluss eine E-Mail, um ein neues Passwort zu definieren. Ihre E-Mail Adresse oder Benutzername Passwort zur\u00fccksetzen Ihre Vorteile als Member Alle Spendenbelege im \u00dcberblick Schnelleres Spenden, da Ihre Daten vorgespeichert sind Bleiben Sie auf dem neuesten Stand Jetzt registrieren","og_url":"https:\/\/dr-sahin.help\/fr\/passwort-vergessen\/","og_site_name":"Dr. \u015eahin help","article_publisher":"https:\/\/www.facebook.com\/Drsahinhelp","article_modified_time":"2025-09-12T11:16:39+00:00","twitter_card":"summary_large_image","twitter_misc":{"Dur\u00e9e de lecture estim\u00e9e":"1 minute"},"schema":{"@context":"https:\/\/schema.org","@graph":[{"@type":"WebPage","@id":"https:\/\/dr-sahin.help\/passwort-vergessen\/","url":"https:\/\/dr-sahin.help\/passwort-vergessen\/","name":"Mot de passe oubli\u00e9 - Dr. \u015eahin help","isPartOf":{"@id":"https:\/\/dr-sahin.help\/#website"},"datePublished":"2025-09-12T08:33:35+00:00","dateModified":"2025-09-12T11:16:39+00:00","breadcrumb":{"@id":"https:\/\/dr-sahin.help\/passwort-vergessen\/#breadcrumb"},"inLanguage":"fr-FR","potentialAction":[{"@type":"ReadAction","target":["https:\/\/dr-sahin.help\/passwort-vergessen\/"]}]},{"@type":"BreadcrumbList","@id":"https:\/\/dr-sahin.help\/passwort-vergessen\/#breadcrumb","itemListElement":[{"@type":"ListItem","position":1,"name":"Startseite","item":"https:\/\/dr-sahin.help\/"},{"@type":"ListItem","position":2,"name":"Passwort vergessen"}]},{"@type":"WebSite","@id":"https:\/\/dr-sahin.help\/#website","url":"https:\/\/dr-sahin.help\/","name":"Dr \u015eahin HELP","description":"Dons pour les personnes dans le besoin","publisher":{"@id":"https:\/\/dr-sahin.help\/#organization"},"alternateName":"Dr. Sahin HELP","potentialAction":[{"@type":"SearchAction","target":{"@type":"EntryPoint","urlTemplate":"https:\/\/dr-sahin.help\/?s={search_term_string}"},"query-input":{"@type":"PropertyValueSpecification","valueRequired":true,"valueName":"search_term_string"}}],"inLanguage":"fr-FR"},{"@type":"Organization","@id":"https:\/\/dr-sahin.help\/#organization","name":"Dr \u015eahin HELP","alternateName":"Dr. Sahin HELP","url":"https:\/\/dr-sahin.help\/","logo":{"@type":"ImageObject","inLanguage":"fr-FR","@id":"https:\/\/dr-sahin.help\/#\/schema\/logo\/image\/","url":"https:\/\/dr-sahin.help\/wp-content\/uploads\/2025\/08\/SiteLogo.png","contentUrl":"https:\/\/dr-sahin.help\/wp-content\/uploads\/2025\/08\/SiteLogo.png","width":1337,"height":480,"caption":"Dr. \u015eahin HELP"},"image":{"@id":"https:\/\/dr-sahin.help\/#\/schema\/logo\/image\/"},"sameAs":["https:\/\/www.facebook.com\/Drsahinhelp","https:\/\/www.instagram.com\/drsahin_help\/"]}]}},"jetpack_sharing_enabled":true,"_links":{"self":[{"href":"https:\/\/dr-sahin.help\/fr\/wp-json\/wp\/v2\/pages\/1528","targetHints":{"allow":["GET"]}}],"collection":[{"href":"https:\/\/dr-sahin.help\/fr\/wp-json\/wp\/v2\/pages"}],"about":[{"href":"https:\/\/dr-sahin.help\/fr\/wp-json\/wp\/v2\/types\/page"}],"author":[{"embeddable":true,"href":"https:\/\/dr-sahin.help\/fr\/wp-json\/wp\/v2\/users\/1"}],"replies":[{"embeddable":true,"href":"https:\/\/dr-sahin.help\/fr\/wp-json\/wp\/v2\/comments?post=1528"}],"version-history":[{"count":22,"href":"https:\/\/dr-sahin.help\/fr\/wp-json\/wp\/v2\/pages\/1528\/revisions"}],"predecessor-version":[{"id":1658,"href":"https:\/\/dr-sahin.help\/fr\/wp-json\/wp\/v2\/pages\/1528\/revisions\/1658"}],"wp:attachment":[{"href":"https:\/\/dr-sahin.help\/fr\/wp-json\/wp\/v2\/media?parent=1528"}],"curies":[{"name":"wp","href":"https:\/\/api.w.org\/{rel}","templated":true}]}}