{"id":10615,"date":"2026-03-27T17:44:12","date_gmt":"2026-03-27T15:44:12","guid":{"rendered":"https:\/\/dr-sahin.help\/?page_id=10615"},"modified":"2026-03-27T17:54:15","modified_gmt":"2026-03-27T15:54:15","slug":"spendenquittung","status":"publish","type":"page","link":"https:\/\/dr-sahin.help\/en\/spendenquittung\/","title":{"rendered":"Donation receipt"},"content":{"rendered":"<div data-elementor-type=\"wp-page\" data-elementor-id=\"10615\" class=\"elementor elementor-10615\" data-elementor-post-type=\"page\">\n\t\t\t\t<div class=\"elementor-element elementor-element-cdc6121 e-flex e-con-boxed e-con e-parent\" data-id=\"cdc6121\" data-element_type=\"container\" data-e-type=\"container\">\n\t\t\t\t\t<div class=\"e-con-inner\">\n\t\t\t\t<div class=\"elementor-element elementor-element-84afea7 elementor-widget elementor-widget-spacer\" data-id=\"84afea7\" data-element_type=\"widget\" data-e-type=\"widget\" data-widget_type=\"spacer.default\">\n\t\t\t\t<div class=\"elementor-widget-container\">\n\t\t\t\t\t\t\t<div class=\"elementor-spacer\">\n\t\t\t<div class=\"elementor-spacer-inner\"><\/div>\n\t\t<\/div>\n\t\t\t\t\t\t<\/div>\n\t\t\t\t<\/div>\n\t\t\t\t<div class=\"elementor-element elementor-element-d1c0de2 elementor-widget elementor-widget-heading\" data-id=\"d1c0de2\" data-element_type=\"widget\" data-e-type=\"widget\" data-widget_type=\"heading.default\">\n\t\t\t\t<div class=\"elementor-widget-container\">\n\t\t\t\t\t<h2 class=\"elementor-heading-title elementor-size-default\">Donation receipt<\/h2>\t\t\t\t<\/div>\n\t\t\t\t<\/div>\n\t\t\t\t<div class=\"elementor-element elementor-element-2eef6e7 elementor-widget elementor-widget-text-editor\" data-id=\"2eef6e7\" data-element_type=\"widget\" data-e-type=\"widget\" data-widget_type=\"text-editor.default\">\n\t\t\t\t<div class=\"elementor-widget-container\">\n\t\t\t\t\t\t\t\t\t<pre style=\"margin: 0px 0px 0.4em; color: #2e3234; font-family: Poppins, sans-serif; font-weight: 600; font-size: 17px; line-height: 1.5; -webkit-font-smoothing: antialiased; text-transform: none; text-align: center;\">Here you can submit your simplified donation receipt for donations&nbsp;<span style=\"-webkit-font-smoothing: antialiased; color: #000000;\">until&nbsp;<span style=\"-webkit-font-smoothing: antialiased;\">including EUR 300.00<\/span> convenient download.&nbsp;<\/span><br><span style=\"-webkit-font-smoothing: antialiased; color: #000000;\">Together with the<\/span>This receipt is sufficient for the tax office.<br><p><\/p><\/pre>\t\t\t\t\t\t\t\t<\/div>\n\t\t\t\t<\/div>\n\t\t\t\t<div class=\"elementor-element elementor-element-51c464d elementor-align-center elementor-widget elementor-widget-button\" data-id=\"51c464d\" data-element_type=\"widget\" data-e-type=\"widget\" data-widget_type=\"button.default\">\n\t\t\t\t<div class=\"elementor-widget-container\">\n\t\t\t\t\t\t\t\t\t<div class=\"elementor-button-wrapper\">\n\t\t\t\t\t<a class=\"elementor-button elementor-button-link elementor-size-sm\" href=\"https:\/\/dr-sahin.help\/wp-content\/uploads\/2026\/03\/Vereinfachter_Spendennachweis_Dr._Sahin_help_gGmbH.pdf\">\n\t\t\t\t\t\t<span class=\"elementor-button-content-wrapper\">\n\t\t\t\t\t\t\t\t\t<span class=\"elementor-button-text\">Download here<\/span>\n\t\t\t\t\t<\/span>\n\t\t\t\t\t<\/a>\n\t\t\t\t<\/div>\n\t\t\t\t\t\t\t\t<\/div>\n\t\t\t\t<\/div>\n\t\t\t\t<div class=\"elementor-element elementor-element-36c2558 elementor-widget elementor-widget-text-editor\" data-id=\"36c2558\" data-element_type=\"widget\" data-e-type=\"widget\" data-widget_type=\"text-editor.default\">\n\t\t\t\t<div class=\"elementor-widget-container\">\n\t\t\t\t\t\t\t\t\t<pre style=\"margin: 0px 0px 0.4em; color: #2e3234; font-family: Poppins, sans-serif; font-weight: 600; font-size: 17px; line-height: 1.5; -webkit-font-smoothing: antialiased; text-transform: none; text-align: center;\">For donations of \u20ac300 or more made via our website, you will automatically receive your donation receipt promptly.<br \/>For bank transfers, please provide us with your address for the donation receipt.<br \/><br \/>Contact at: info@dr-sahin.help   <\/pre>\t\t\t\t\t\t\t\t<\/div>\n\t\t\t\t<\/div>\n\t\t\t\t<div class=\"elementor-element elementor-element-6b56491 elementor-widget elementor-widget-spacer\" data-id=\"6b56491\" data-element_type=\"widget\" data-e-type=\"widget\" data-widget_type=\"spacer.default\">\n\t\t\t\t<div class=\"elementor-widget-container\">\n\t\t\t\t\t\t\t<div class=\"elementor-spacer\">\n\t\t\t<div class=\"elementor-spacer-inner\"><\/div>\n\t\t<\/div>\n\t\t\t\t\t\t<\/div>\n\t\t\t\t<\/div>\n\t\t\t\t\t<\/div>\n\t\t\t\t<\/div>\n\t\t\t\t<\/div>","protected":false},"excerpt":{"rendered":"<p>Spendenquittung Hier kannst Du Deinen vereinfachten Spendennachweis f\u00fcr Spenden&nbsp;bis&nbsp;einschlie\u00dflich EUR 300,00 bequem herunterladen.&nbsp;Zusammen mit dem Kontoauszug zu deiner Spende ist dieser Beleg ausreichend f\u00fcr das Finanzamt. Hier Herunterladen F\u00fcr Spenden ab 300\u20ac die \u00fcber unsere Webseite gespendet werden, erhalten sie zeitnah automatisch Ihre Spendenquittung.Bei \u00dcberweisungen bitten wir Sie uns Ihre Adresse f\u00fcr die Spendenquittung mitzuteilen.Kontakt [&hellip;]<\/p>\n","protected":false},"author":11,"featured_media":0,"parent":0,"menu_order":0,"comment_status":"closed","ping_status":"closed","template":"","meta":{"footnotes":""},"class_list":["post-10615","page","type-page","status-publish","hentry"],"yoast_head":"<!-- This site is optimized with the Yoast SEO plugin v27.2 - https:\/\/yoast.com\/product\/yoast-seo-wordpress\/ -->\n<title>Spendenquittung &#8212; Dr. \u015eahin help<\/title>\n<meta name=\"robots\" content=\"index, follow, max-snippet:-1, max-image-preview:large, max-video-preview:-1\" \/>\n<link rel=\"canonical\" href=\"https:\/\/dr-sahin.help\/en\/spendenquittung\/\" \/>\n<meta property=\"og:locale\" content=\"en_GB\" \/>\n<meta property=\"og:type\" content=\"article\" \/>\n<meta property=\"og:title\" content=\"Spendenquittung &#8212; Dr. \u015eahin help\" \/>\n<meta property=\"og:description\" content=\"Spendenquittung Hier kannst Du Deinen vereinfachten Spendennachweis f\u00fcr Spenden&nbsp;bis&nbsp;einschlie\u00dflich EUR 300,00 bequem herunterladen.&nbsp;Zusammen mit dem Kontoauszug zu deiner Spende ist dieser Beleg ausreichend f\u00fcr das Finanzamt. Hier Herunterladen F\u00fcr Spenden ab 300\u20ac die \u00fcber unsere Webseite gespendet werden, erhalten sie zeitnah automatisch Ihre Spendenquittung.Bei \u00dcberweisungen bitten wir Sie uns Ihre Adresse f\u00fcr die Spendenquittung mitzuteilen.Kontakt [&hellip;]\" \/>\n<meta property=\"og:url\" content=\"https:\/\/dr-sahin.help\/en\/spendenquittung\/\" \/>\n<meta property=\"og:site_name\" content=\"Dr. \u015eahin help\" \/>\n<meta property=\"article:publisher\" content=\"https:\/\/www.facebook.com\/Drsahinhelp\" \/>\n<meta property=\"article:modified_time\" content=\"2026-03-27T15:54:15+00:00\" \/>\n<meta name=\"twitter:card\" content=\"summary_large_image\" \/>\n<meta name=\"twitter:label1\" content=\"Estimated reading time\" \/>\n\t<meta name=\"twitter:data1\" content=\"1 minute\" \/>\n<script type=\"application\/ld+json\" class=\"yoast-schema-graph\">{\"@context\":\"https:\/\/schema.org\",\"@graph\":[{\"@type\":\"WebPage\",\"@id\":\"https:\/\/dr-sahin.help\/spendenquittung\/\",\"url\":\"https:\/\/dr-sahin.help\/spendenquittung\/\",\"name\":\"Spendenquittung &#8212; Dr. \u015eahin help\",\"isPartOf\":{\"@id\":\"https:\/\/dr-sahin.help\/#website\"},\"datePublished\":\"2026-03-27T15:44:12+00:00\",\"dateModified\":\"2026-03-27T15:54:15+00:00\",\"breadcrumb\":{\"@id\":\"https:\/\/dr-sahin.help\/spendenquittung\/#breadcrumb\"},\"inLanguage\":\"en-GB\",\"potentialAction\":[{\"@type\":\"ReadAction\",\"target\":[\"https:\/\/dr-sahin.help\/spendenquittung\/\"]}]},{\"@type\":\"BreadcrumbList\",\"@id\":\"https:\/\/dr-sahin.help\/spendenquittung\/#breadcrumb\",\"itemListElement\":[{\"@type\":\"ListItem\",\"position\":1,\"name\":\"Startseite\",\"item\":\"https:\/\/dr-sahin.help\/\"},{\"@type\":\"ListItem\",\"position\":2,\"name\":\"Spendenquittung\"}]},{\"@type\":\"WebSite\",\"@id\":\"https:\/\/dr-sahin.help\/#website\",\"url\":\"https:\/\/dr-sahin.help\/\",\"name\":\"Dr. \u015eahin HELP\",\"description\":\"Spenden f\u00fcr Bed\u00fcrftige\",\"publisher\":{\"@id\":\"https:\/\/dr-sahin.help\/#organization\"},\"alternateName\":\"Dr. Sahin HELP\",\"potentialAction\":[{\"@type\":\"SearchAction\",\"target\":{\"@type\":\"EntryPoint\",\"urlTemplate\":\"https:\/\/dr-sahin.help\/?s={search_term_string}\"},\"query-input\":{\"@type\":\"PropertyValueSpecification\",\"valueRequired\":true,\"valueName\":\"search_term_string\"}}],\"inLanguage\":\"en-GB\"},{\"@type\":\"Organization\",\"@id\":\"https:\/\/dr-sahin.help\/#organization\",\"name\":\"Dr. \u015eahin HELP\",\"alternateName\":\"Dr. Sahin HELP\",\"url\":\"https:\/\/dr-sahin.help\/\",\"logo\":{\"@type\":\"ImageObject\",\"inLanguage\":\"en-GB\",\"@id\":\"https:\/\/dr-sahin.help\/#\/schema\/logo\/image\/\",\"url\":\"https:\/\/dr-sahin.help\/wp-content\/uploads\/2025\/08\/SiteLogo.png\",\"contentUrl\":\"https:\/\/dr-sahin.help\/wp-content\/uploads\/2025\/08\/SiteLogo.png\",\"width\":1337,\"height\":480,\"caption\":\"Dr. \u015eahin HELP\"},\"image\":{\"@id\":\"https:\/\/dr-sahin.help\/#\/schema\/logo\/image\/\"},\"sameAs\":[\"https:\/\/www.facebook.com\/Drsahinhelp\",\"https:\/\/www.instagram.com\/drsahin_help\/\"]}]}<\/script>\n<!-- \/ Yoast SEO plugin. -->","yoast_head_json":{"title":"Donation receipt - Dr \u015eahin help","robots":{"index":"index","follow":"follow","max-snippet":"max-snippet:-1","max-image-preview":"max-image-preview:large","max-video-preview":"max-video-preview:-1"},"canonical":"https:\/\/dr-sahin.help\/en\/spendenquittung\/","og_locale":"en_GB","og_type":"article","og_title":"Spendenquittung &#8212; Dr. \u015eahin help","og_description":"Spendenquittung Hier kannst Du Deinen vereinfachten Spendennachweis f\u00fcr Spenden&nbsp;bis&nbsp;einschlie\u00dflich EUR 300,00 bequem herunterladen.&nbsp;Zusammen mit dem Kontoauszug zu deiner Spende ist dieser Beleg ausreichend f\u00fcr das Finanzamt. Hier Herunterladen F\u00fcr Spenden ab 300\u20ac die \u00fcber unsere Webseite gespendet werden, erhalten sie zeitnah automatisch Ihre Spendenquittung.Bei \u00dcberweisungen bitten wir Sie uns Ihre Adresse f\u00fcr die Spendenquittung mitzuteilen.Kontakt [&hellip;]","og_url":"https:\/\/dr-sahin.help\/en\/spendenquittung\/","og_site_name":"Dr. \u015eahin help","article_publisher":"https:\/\/www.facebook.com\/Drsahinhelp","article_modified_time":"2026-03-27T15:54:15+00:00","twitter_card":"summary_large_image","twitter_misc":{"Estimated reading time":"1 minute"},"schema":{"@context":"https:\/\/schema.org","@graph":[{"@type":"WebPage","@id":"https:\/\/dr-sahin.help\/spendenquittung\/","url":"https:\/\/dr-sahin.help\/spendenquittung\/","name":"Donation receipt - Dr \u015eahin help","isPartOf":{"@id":"https:\/\/dr-sahin.help\/#website"},"datePublished":"2026-03-27T15:44:12+00:00","dateModified":"2026-03-27T15:54:15+00:00","breadcrumb":{"@id":"https:\/\/dr-sahin.help\/spendenquittung\/#breadcrumb"},"inLanguage":"en-GB","potentialAction":[{"@type":"ReadAction","target":["https:\/\/dr-sahin.help\/spendenquittung\/"]}]},{"@type":"BreadcrumbList","@id":"https:\/\/dr-sahin.help\/spendenquittung\/#breadcrumb","itemListElement":[{"@type":"ListItem","position":1,"name":"Startseite","item":"https:\/\/dr-sahin.help\/"},{"@type":"ListItem","position":2,"name":"Spendenquittung"}]},{"@type":"WebSite","@id":"https:\/\/dr-sahin.help\/#website","url":"https:\/\/dr-sahin.help\/","name":"Dr \u015eahin HELP","description":"Donations for the needy","publisher":{"@id":"https:\/\/dr-sahin.help\/#organization"},"alternateName":"Dr. Sahin HELP","potentialAction":[{"@type":"SearchAction","target":{"@type":"EntryPoint","urlTemplate":"https:\/\/dr-sahin.help\/?s={search_term_string}"},"query-input":{"@type":"PropertyValueSpecification","valueRequired":true,"valueName":"search_term_string"}}],"inLanguage":"en-GB"},{"@type":"Organization","@id":"https:\/\/dr-sahin.help\/#organization","name":"Dr \u015eahin HELP","alternateName":"Dr. Sahin HELP","url":"https:\/\/dr-sahin.help\/","logo":{"@type":"ImageObject","inLanguage":"en-GB","@id":"https:\/\/dr-sahin.help\/#\/schema\/logo\/image\/","url":"https:\/\/dr-sahin.help\/wp-content\/uploads\/2025\/08\/SiteLogo.png","contentUrl":"https:\/\/dr-sahin.help\/wp-content\/uploads\/2025\/08\/SiteLogo.png","width":1337,"height":480,"caption":"Dr. \u015eahin HELP"},"image":{"@id":"https:\/\/dr-sahin.help\/#\/schema\/logo\/image\/"},"sameAs":["https:\/\/www.facebook.com\/Drsahinhelp","https:\/\/www.instagram.com\/drsahin_help\/"]}]}},"jetpack_sharing_enabled":true,"_links":{"self":[{"href":"https:\/\/dr-sahin.help\/en\/wp-json\/wp\/v2\/pages\/10615","targetHints":{"allow":["GET"]}}],"collection":[{"href":"https:\/\/dr-sahin.help\/en\/wp-json\/wp\/v2\/pages"}],"about":[{"href":"https:\/\/dr-sahin.help\/en\/wp-json\/wp\/v2\/types\/page"}],"author":[{"embeddable":true,"href":"https:\/\/dr-sahin.help\/en\/wp-json\/wp\/v2\/users\/11"}],"replies":[{"embeddable":true,"href":"https:\/\/dr-sahin.help\/en\/wp-json\/wp\/v2\/comments?post=10615"}],"version-history":[{"count":13,"href":"https:\/\/dr-sahin.help\/en\/wp-json\/wp\/v2\/pages\/10615\/revisions"}],"predecessor-version":[{"id":10629,"href":"https:\/\/dr-sahin.help\/en\/wp-json\/wp\/v2\/pages\/10615\/revisions\/10629"}],"wp:attachment":[{"href":"https:\/\/dr-sahin.help\/en\/wp-json\/wp\/v2\/media?parent=10615"}],"curies":[{"name":"wp","href":"https:\/\/api.w.org\/{rel}","templated":true}]}}