{"id":312,"date":"2025-08-29T14:04:44","date_gmt":"2025-08-29T12:04:44","guid":{"rendered":"https:\/\/dr-sahin.help\/?page_id=312"},"modified":"2025-11-29T12:40:59","modified_gmt":"2025-11-29T10:40:59","slug":"dashboard","status":"publish","type":"page","link":"https:\/\/dr-sahin.help\/ar\/dashboard\/","title":{"rendered":"\u0644\u0648\u062d\u0629 \u0627\u0644\u062a\u062d\u0643\u0645"},"content":{"rendered":"\t\t<div data-elementor-type=\"wp-page\" data-elementor-id=\"312\" class=\"elementor elementor-312\" data-elementor-post-type=\"page\">\n\t\t\t\t<div class=\"elementor-element elementor-element-cd88432 e-flex e-con-boxed e-con e-parent\" data-id=\"cd88432\" data-element_type=\"container\" data-e-type=\"container\">\n\t\t\t\t\t<div class=\"e-con-inner\">\n\t\t<div class=\"elementor-element elementor-element-e7618b9 e-flex e-con-boxed e-con e-child\" data-id=\"e7618b9\" data-element_type=\"container\" data-e-type=\"container\" data-settings=\"{&quot;background_background&quot;:&quot;classic&quot;}\">\n\t\t\t\t\t<div class=\"e-con-inner\">\n\t\t\t\t<div class=\"elementor-element elementor-element-f8e4efb e-my-account-tabs-horizontal elementor-widget elementor-widget-woocommerce-my-account\" data-id=\"f8e4efb\" data-element_type=\"widget\" data-e-type=\"widget\" data-settings=\"{&quot;customize_dashboard_check&quot;:&quot;yes&quot;}\" data-widget_type=\"woocommerce-my-account.default\">\n\t\t\t\t<div class=\"elementor-widget-container\">\n\t\t\t\t\t<div class=\"e-my-account-tab e-my-account-tab__ \">\t\t\t<div class=\"woocommerce\"><\/div>\t\t<\/div>\n\t\t\t\t\t\t<\/div>\n\t\t\t\t<\/div>\n\t\t\t\t<div class=\"elementor-element elementor-element-801caa2 elementor-widget-tablet__width-initial elementor-widget-mobile__width-initial elementor-widget elementor-widget-woocommerce-notices\" data-id=\"801caa2\" data-element_type=\"widget\" data-e-type=\"widget\" data-widget_type=\"woocommerce-notices.default\">\n\t\t\t\t<div class=\"elementor-widget-container\">\n\t\t\t\t\t\t\t<style>\n\t\t\t.woocommerce-notices-wrapper,\n\t\t\t.woocommerce-message,\n\t\t\t.woocommerce-error,\n\t\t\t.woocommerce-info {\n\t\t\t\tdisplay: none;\n\t\t\t}\n\t\t<\/style>\n\t\t\t\t\t<div class=\"e-woocommerce-notices-wrapper e-woocommerce-notices-wrapper-loading\">\n\t\t\t\t<div class=\"woocommerce-notices-wrapper\"><\/div>\t\t\t<\/div>\n\t\t\t\t\t\t\t<\/div>\n\t\t\t\t<\/div>\n\t\t\t\t<div class=\"elementor-element elementor-element-c5fe49c elementor-widget elementor-widget-html\" data-id=\"c5fe49c\" data-element_type=\"widget\" data-e-type=\"widget\" data-widget_type=\"html.default\">\n\t\t\t\t<div class=\"elementor-widget-container\">\n\t\t\t\t\t<script>\n(function() {\n    function initAccountForm(scope) {\n        var form = (scope || document).querySelector('.woocommerce-EditAccountForm.edit-account');\n        if (!form) {\n            return false; \/\/ Formular (noch) nicht da\n        }\n\n        var requiredInputs = form.querySelectorAll('.woocommerce-Input[aria-required=\"true\"]');\n        var submitButton   = form.querySelector('button[type=\"submit\"][name=\"save_account_details\"]');\n\n        if (!requiredInputs.length || !submitButton) {\n            return true; \/\/ nichts zu tun\n        }\n\n        \/\/ zentrale Funktion: pr\u00fcft alle Pflichtfelder und toggelt Button + Fehlerklassen\n        function updateState() {\n            var allFilled = true;\n\n            requiredInputs.forEach(function(input) {\n                var row = input.closest('.woocommerce-form-row');\n                if (!row) return;\n\n                if (!input.value.trim().length) {\n                    row.classList.add('dc-field-error');\n                    allFilled = false;\n                } else {\n                    row.classList.remove('dc-field-error');\n                }\n            });\n\n            submitButton.disabled = !allFilled;\n        }\n\n        \/\/ Events nur einmal binden\n        if (!form.dataset.dcInit) {\n            requiredInputs.forEach(function(input) {\n                input.addEventListener('input', updateState);\n                input.addEventListener('blur', updateState);\n            });\n\n            \/\/ Fallback: falls irgendetwas per JS Werte setzt\n            form.addEventListener('change', updateState);\n\n            form.dataset.dcInit = '1';\n        }\n\n        \/\/ initialer Zustand beim Laden\n        updateState();\n\n        return true;\n    }\n\n    function start() {\n        var tries = 0;\n        var maxTries = 20; \/\/ ~6 Sekunden, f\u00fcr Elementor\/AJAX genug\n        var interval = setInterval(function() {\n            tries++;\n            if (initAccountForm()) {\n                clearInterval(interval);\n                console.log('dc account: initialized (button disabled logic aktiv)');\n            } else if (tries >= maxTries) {\n                clearInterval(interval);\n                console.log('dc account: form not found');\n            }\n        }, 300);\n    }\n\n    if (document.readyState === 'loading') {\n        document.addEventListener('DOMContentLoaded', start);\n    } else {\n        start();\n    }\n})();\n<\/script>\n\t\t\t\t<\/div>\n\t\t\t\t<\/div>\n\t\t\t\t\t<\/div>\n\t\t\t\t<\/div>\n\t\t\t\t\t<\/div>\n\t\t\t\t<\/div>\n\t\t\t\t<\/div>\n\t\t","protected":false},"excerpt":{"rendered":"<p>\u0646\u0638\u0631\u0629 \u0639\u0627\u0645\u0629 \u0639\u0644\u0649 \u0639\u0646\u0648\u0627\u0646 \u0627\u0644\u062a\u0628\u0631\u0639 \u0646\u0638\u0631\u0629 \u0639\u0627\u0645\u0629 \u0639\u0644\u0649 \u0639\u0646\u0648\u0627\u0646 \u0627\u0644\u062a\u0628\u0631\u0639 \u0646\u0638\u0631\u0629 \u0639\u0627\u0645\u0629 \u0639\u0644\u0649 \u0639\u0646\u0648\u0627\u0646 \u0627\u0644\u062a\u0628\u0631\u0639 \u0646\u0638\u0631\u0629 \u0639\u0627\u0645\u0629 \u0639\u0644\u0649 \u0639\u0646\u0648\u0627\u0646 \u0627\u0644\u062a\u0628\u0631\u0639 \u0646\u0638\u0631\u0629 \u0639\u0627\u0645\u0629 \u0639\u0644\u0649 \u0639\u0646\u0648\u0627\u0646 \u0627\u0644\u062a\u0628\u0631\u0639 \u0646\u0638\u0631\u0629 \u0639\u0627\u0645\u0629 \u0639\u0644\u0649 \u0639\u0646\u0648\u0627\u0646 \u0627\u0644\u062a\u0628\u0631\u0639 \u0646\u0638\u0631\u0629 \u0639\u0627\u0645\u0629 \u0639\u0644\u0649 \u0639\u0646\u0648\u0627\u0646 \u0627\u0644\u062a\u0628\u0631\u0639 \u0646\u0638\u0631\u0629 \u0639\u0627\u0645\u0629 \u0639\u0644\u0649 \u0639\u0646\u0648\u0627\u0646 \u0627\u0644\u062a\u0628\u0631\u0639 \u0646\u0638\u0631\u0629 \u0639\u0627\u0645\u0629 \u0639\u0644\u0649 \u0639\u0646\u0648\u0627\u0646 \u0627\u0644\u062a\u0628\u0631\u0639 \u0646\u0638\u0631\u0629 \u0639\u0627\u0645\u0629 \u0639\u0644\u0649 \u0627\u0644\u062d\u0633\u0627\u0628 \u0645\u0631\u062d\u0628\u0627\u064b \u0635\u0627\u0644\u062d \u0643\u0648\u0644\u0627\u0643 (\u0644\u064a\u0633 \u0635\u0627\u0644\u062d \u0643\u0648\u0644\u0627\u0643\u061f \u0633\u062c\u0644 \u0627\u0644\u062e\u0631\u0648\u062c) \u0645\u0646 \u0644\u0648\u062d\u0629 \u0627\u0644\u062a\u062d\u0643\u0645 \u0641\u064a \u062d\u0633\u0627\u0628\u0643 \u064a\u0645\u0643\u0646\u0643 \u0645\u0646 \u0644\u0648\u062d\u0629 \u0627\u0644\u062a\u062d\u0643\u0645 \u0641\u064a \u062d\u0633\u0627\u0628\u0643 \u0639\u0631\u0636 \u062a\u0628\u0631\u0639\u0627\u062a\u0643 \u0627\u0644\u0623\u062e\u064a\u0631\u0629 \u0648\u0625\u062f\u0627\u0631\u0629 \u062a\u0641\u0627\u0635\u064a\u0644 \u0627\u0644\u0627\u062a\u0635\u0627\u0644 \u0628\u0643 \u0648\u062a\u0639\u062f\u064a\u0644 \u0643\u0644\u0645\u0629 \u0627\u0644\u0645\u0631\u0648\u0631 \u0648\u062a\u0641\u0627\u0635\u064a\u0644 \u062d\u0633\u0627\u0628\u0643.<\/p>","protected":false},"author":1,"featured_media":0,"parent":0,"menu_order":0,"comment_status":"closed","ping_status":"closed","template":"","meta":{"footnotes":""},"class_list":["post-312","page","type-page","status-publish","hentry"],"yoast_head":"<!-- This site is optimized with the Yoast SEO plugin v27.2 - https:\/\/yoast.com\/product\/yoast-seo-wordpress\/ -->\n<title>Dashboard &#8212; Dr. \u015eahin help<\/title>\n<meta name=\"robots\" content=\"index, follow, max-snippet:-1, max-image-preview:large, max-video-preview:-1\" \/>\n<link rel=\"canonical\" href=\"https:\/\/dr-sahin.help\/ar\/dashboard\/\" \/>\n<meta property=\"og:locale\" content=\"ar_AR\" \/>\n<meta property=\"og:type\" content=\"article\" \/>\n<meta property=\"og:title\" content=\"Dashboard &#8212; Dr. \u015eahin help\" \/>\n<meta property=\"og:description\" content=\"\u00dcbersicht Spenden Adresse Kontodetails \u00dcbersicht Spenden Adresse Kontodetails \u00dcbersicht Spenden Adresse Kontodetails \u00dcbersicht Spenden Adresse Kontodetails Hallo Salih Colak (nicht Salih Colak? Abmelden) From your account dashboard you can view your recent donations, manage your contact details, and edit your password and account details.\" \/>\n<meta property=\"og:url\" content=\"https:\/\/dr-sahin.help\/ar\/dashboard\/\" \/>\n<meta property=\"og:site_name\" content=\"Dr. \u015eahin help\" \/>\n<meta property=\"article:publisher\" content=\"https:\/\/www.facebook.com\/Drsahinhelp\" \/>\n<meta property=\"article:modified_time\" content=\"2025-11-29T10:40:59+00:00\" \/>\n<meta name=\"twitter:card\" content=\"summary_large_image\" \/>\n<meta name=\"twitter:label1\" content=\"\u0648\u0642\u062a \u0627\u0644\u0642\u0631\u0627\u0621\u0629 \u0627\u0644\u0645\u064f\u0642\u062f\u0651\u0631\" \/>\n\t<meta name=\"twitter:data1\" content=\"\u062f\u0642\u064a\u0642\u062a\u0627\u0646\" \/>\n<script type=\"application\/ld+json\" class=\"yoast-schema-graph\">{\"@context\":\"https:\/\/schema.org\",\"@graph\":[{\"@type\":\"WebPage\",\"@id\":\"https:\/\/dr-sahin.help\/dashboard\/\",\"url\":\"https:\/\/dr-sahin.help\/dashboard\/\",\"name\":\"Dashboard &#8212; Dr. \u015eahin help\",\"isPartOf\":{\"@id\":\"https:\/\/dr-sahin.help\/#website\"},\"datePublished\":\"2025-08-29T12:04:44+00:00\",\"dateModified\":\"2025-11-29T10:40:59+00:00\",\"breadcrumb\":{\"@id\":\"https:\/\/dr-sahin.help\/dashboard\/#breadcrumb\"},\"inLanguage\":\"ar\",\"potentialAction\":[{\"@type\":\"ReadAction\",\"target\":[\"https:\/\/dr-sahin.help\/dashboard\/\"]}]},{\"@type\":\"BreadcrumbList\",\"@id\":\"https:\/\/dr-sahin.help\/dashboard\/#breadcrumb\",\"itemListElement\":[{\"@type\":\"ListItem\",\"position\":1,\"name\":\"Startseite\",\"item\":\"https:\/\/dr-sahin.help\/\"},{\"@type\":\"ListItem\",\"position\":2,\"name\":\"Dashboard\"}]},{\"@type\":\"WebSite\",\"@id\":\"https:\/\/dr-sahin.help\/#website\",\"url\":\"https:\/\/dr-sahin.help\/\",\"name\":\"Dr. \u015eahin HELP\",\"description\":\"Spenden f\u00fcr Bed\u00fcrftige\",\"publisher\":{\"@id\":\"https:\/\/dr-sahin.help\/#organization\"},\"alternateName\":\"Dr. Sahin HELP\",\"potentialAction\":[{\"@type\":\"SearchAction\",\"target\":{\"@type\":\"EntryPoint\",\"urlTemplate\":\"https:\/\/dr-sahin.help\/?s={search_term_string}\"},\"query-input\":{\"@type\":\"PropertyValueSpecification\",\"valueRequired\":true,\"valueName\":\"search_term_string\"}}],\"inLanguage\":\"ar\"},{\"@type\":\"Organization\",\"@id\":\"https:\/\/dr-sahin.help\/#organization\",\"name\":\"Dr. \u015eahin HELP\",\"alternateName\":\"Dr. Sahin HELP\",\"url\":\"https:\/\/dr-sahin.help\/\",\"logo\":{\"@type\":\"ImageObject\",\"inLanguage\":\"ar\",\"@id\":\"https:\/\/dr-sahin.help\/#\/schema\/logo\/image\/\",\"url\":\"https:\/\/dr-sahin.help\/wp-content\/uploads\/2025\/08\/SiteLogo.png\",\"contentUrl\":\"https:\/\/dr-sahin.help\/wp-content\/uploads\/2025\/08\/SiteLogo.png\",\"width\":1337,\"height\":480,\"caption\":\"Dr. \u015eahin HELP\"},\"image\":{\"@id\":\"https:\/\/dr-sahin.help\/#\/schema\/logo\/image\/\"},\"sameAs\":[\"https:\/\/www.facebook.com\/Drsahinhelp\",\"https:\/\/www.instagram.com\/drsahin_help\/\"]}]}<\/script>\n<!-- \/ Yoast SEO plugin. -->","yoast_head_json":{"title":"\u0644\u0648\u062d\u0629 \u0627\u0644\u0642\u064a\u0627\u062f\u0629 - \u0645\u0633\u0627\u0639\u062f\u0629 \u0627\u0644\u062f\u0643\u062a\u0648\u0631 \u0634\u0627\u0647\u064a\u0646","robots":{"index":"index","follow":"follow","max-snippet":"max-snippet:-1","max-image-preview":"max-image-preview:large","max-video-preview":"max-video-preview:-1"},"canonical":"https:\/\/dr-sahin.help\/ar\/dashboard\/","og_locale":"ar_AR","og_type":"article","og_title":"Dashboard &#8212; Dr. \u015eahin help","og_description":"\u00dcbersicht Spenden Adresse Kontodetails \u00dcbersicht Spenden Adresse Kontodetails \u00dcbersicht Spenden Adresse Kontodetails \u00dcbersicht Spenden Adresse Kontodetails Hallo Salih Colak (nicht Salih Colak? Abmelden) From your account dashboard you can view your recent donations, manage your contact details, and edit your password and account details.","og_url":"https:\/\/dr-sahin.help\/ar\/dashboard\/","og_site_name":"Dr. \u015eahin help","article_publisher":"https:\/\/www.facebook.com\/Drsahinhelp","article_modified_time":"2025-11-29T10:40:59+00:00","twitter_card":"summary_large_image","twitter_misc":{"\u0648\u0642\u062a \u0627\u0644\u0642\u0631\u0627\u0621\u0629 \u0627\u0644\u0645\u064f\u0642\u062f\u0651\u0631":"\u062f\u0642\u064a\u0642\u062a\u0627\u0646"},"schema":{"@context":"https:\/\/schema.org","@graph":[{"@type":"WebPage","@id":"https:\/\/dr-sahin.help\/dashboard\/","url":"https:\/\/dr-sahin.help\/dashboard\/","name":"\u0644\u0648\u062d\u0629 \u0627\u0644\u0642\u064a\u0627\u062f\u0629 - \u0645\u0633\u0627\u0639\u062f\u0629 \u0627\u0644\u062f\u0643\u062a\u0648\u0631 \u0634\u0627\u0647\u064a\u0646","isPartOf":{"@id":"https:\/\/dr-sahin.help\/#website"},"datePublished":"2025-08-29T12:04:44+00:00","dateModified":"2025-11-29T10:40:59+00:00","breadcrumb":{"@id":"https:\/\/dr-sahin.help\/dashboard\/#breadcrumb"},"inLanguage":"ar","potentialAction":[{"@type":"ReadAction","target":["https:\/\/dr-sahin.help\/dashboard\/"]}]},{"@type":"BreadcrumbList","@id":"https:\/\/dr-sahin.help\/dashboard\/#breadcrumb","itemListElement":[{"@type":"ListItem","position":1,"name":"Startseite","item":"https:\/\/dr-sahin.help\/"},{"@type":"ListItem","position":2,"name":"Dashboard"}]},{"@type":"WebSite","@id":"https:\/\/dr-sahin.help\/#website","url":"https:\/\/dr-sahin.help\/","name":"\u062f. \u0634\u0627\u0647\u064a\u0646 \u0645\u0633\u0627\u0639\u062f\u0629","description":"\u0627\u0644\u062a\u0628\u0631\u0639\u0627\u062a \u0644\u0644\u0645\u062d\u062a\u0627\u062c\u064a\u0646","publisher":{"@id":"https:\/\/dr-sahin.help\/#organization"},"alternateName":"Dr. Sahin HELP","potentialAction":[{"@type":"SearchAction","target":{"@type":"EntryPoint","urlTemplate":"https:\/\/dr-sahin.help\/?s={search_term_string}"},"query-input":{"@type":"PropertyValueSpecification","valueRequired":true,"valueName":"search_term_string"}}],"inLanguage":"ar"},{"@type":"Organization","@id":"https:\/\/dr-sahin.help\/#organization","name":"\u062f. \u0634\u0627\u0647\u064a\u0646 \u0645\u0633\u0627\u0639\u062f\u0629","alternateName":"Dr. Sahin HELP","url":"https:\/\/dr-sahin.help\/","logo":{"@type":"ImageObject","inLanguage":"ar","@id":"https:\/\/dr-sahin.help\/#\/schema\/logo\/image\/","url":"https:\/\/dr-sahin.help\/wp-content\/uploads\/2025\/08\/SiteLogo.png","contentUrl":"https:\/\/dr-sahin.help\/wp-content\/uploads\/2025\/08\/SiteLogo.png","width":1337,"height":480,"caption":"Dr. \u015eahin HELP"},"image":{"@id":"https:\/\/dr-sahin.help\/#\/schema\/logo\/image\/"},"sameAs":["https:\/\/www.facebook.com\/Drsahinhelp","https:\/\/www.instagram.com\/drsahin_help\/"]}]}},"jetpack_sharing_enabled":true,"_links":{"self":[{"href":"https:\/\/dr-sahin.help\/ar\/wp-json\/wp\/v2\/pages\/312","targetHints":{"allow":["GET"]}}],"collection":[{"href":"https:\/\/dr-sahin.help\/ar\/wp-json\/wp\/v2\/pages"}],"about":[{"href":"https:\/\/dr-sahin.help\/ar\/wp-json\/wp\/v2\/types\/page"}],"author":[{"embeddable":true,"href":"https:\/\/dr-sahin.help\/ar\/wp-json\/wp\/v2\/users\/1"}],"replies":[{"embeddable":true,"href":"https:\/\/dr-sahin.help\/ar\/wp-json\/wp\/v2\/comments?post=312"}],"version-history":[{"count":567,"href":"https:\/\/dr-sahin.help\/ar\/wp-json\/wp\/v2\/pages\/312\/revisions"}],"predecessor-version":[{"id":7599,"href":"https:\/\/dr-sahin.help\/ar\/wp-json\/wp\/v2\/pages\/312\/revisions\/7599"}],"wp:attachment":[{"href":"https:\/\/dr-sahin.help\/ar\/wp-json\/wp\/v2\/media?parent=312"}],"curies":[{"name":"wp","href":"https:\/\/api.w.org\/{rel}","templated":true}]}}