{"id":2931,"date":"2025-09-24T09:07:37","date_gmt":"2025-09-24T07:07:37","guid":{"rendered":"https:\/\/dr-sahin.help\/?page_id=2931"},"modified":"2026-04-27T16:01:48","modified_gmt":"2026-04-27T14:01:48","slug":"impressum","status":"publish","type":"page","link":"https:\/\/dr-sahin.help\/ar\/impressum\/","title":{"rendered":"\u0627\u0644\u0628\u064a\u0627\u0646\u0627\u062a \u0627\u0644\u0642\u0627\u0646\u0648\u0646\u064a\u0629"},"content":{"rendered":"<div data-elementor-type=\"wp-page\" data-elementor-id=\"2931\" class=\"elementor elementor-2931\" data-elementor-post-type=\"page\">\n\t\t\t\t<div class=\"elementor-element elementor-element-87c9231 e-flex e-con-boxed e-con e-parent\" data-id=\"87c9231\" data-element_type=\"container\" data-e-type=\"container\">\n\t\t\t\t\t<div class=\"e-con-inner\">\n\t\t<div class=\"elementor-element elementor-element-96d1861 e-con-full e-flex e-con e-child\" data-id=\"96d1861\" data-element_type=\"container\" data-e-type=\"container\" data-settings=\"{&quot;background_background&quot;:&quot;gradient&quot;}\">\n\t\t\t\t<div class=\"elementor-element elementor-element-7436fcc elementor-widget__width-initial elementor-widget-mobile__width-inherit elementor-widget elementor-widget-heading\" data-id=\"7436fcc\" data-element_type=\"widget\" data-e-type=\"widget\" data-widget_type=\"heading.default\">\n\t\t\t\t<div class=\"elementor-widget-container\">\n\t\t\t\t\t<h1 class=\"elementor-heading-title elementor-size-default\">\u0627\u0644\u0628\u064a\u0627\u0646\u0627\u062a \u0627\u0644\u0642\u0627\u0646\u0648\u0646\u064a\u0629<\/h1>\t\t\t\t<\/div>\n\t\t\t\t<\/div>\n\t\t\t\t<div class=\"elementor-element elementor-element-35571ec elementor-widget__width-initial elementor-widget-mobile__width-inherit elementor-widget elementor-widget-text-editor\" data-id=\"35571ec\" data-element_type=\"widget\" data-e-type=\"widget\" data-widget_type=\"text-editor.default\">\n\t\t\t\t<div class=\"elementor-widget-container\">\n\t\t\t\t\t\t\t\t\t<p>\u0627\u0644\u0645\u0639\u0644\u0648\u0645\u0627\u062a \u0648\u0641\u0642\u064b\u0627 \u0644\u0644\u0641\u0642\u0631\u0629 5 \u062f\u0627\u0644 \u062f\u0627\u0644 \u062f\u062c<\/p>\t\t\t\t\t\t\t\t<\/div>\n\t\t\t\t<\/div>\n\t\t\t\t<div class=\"elementor-element elementor-element-2065f58 elementor-widget elementor-widget-button\" data-id=\"2065f58\" data-element_type=\"widget\" data-e-type=\"widget\" data-widget_type=\"button.default\">\n\t\t\t\t<div class=\"elementor-widget-container\">\n\t\t\t\t\t\t\t\t\t<div class=\"elementor-button-wrapper\">\n\t\t\t\t\t<a class=\"elementor-button elementor-button-link elementor-size-sm\" href=\"#mehr\">\n\t\t\t\t\t\t<span class=\"elementor-button-content-wrapper\">\n\t\t\t\t\t\t<span class=\"elementor-button-icon\">\n\t\t\t\t<i aria-hidden=\"true\" class=\"dcregular- dc-regular-rounded-r-arrow-down\"><\/i>\t\t\t<\/span>\n\t\t\t\t\t\t\t\t\t<span class=\"elementor-button-text\">\u0627\u0642\u0631\u0623 \u0627\u0644\u0645\u0632\u064a\u062f<\/span>\n\t\t\t\t\t<\/span>\n\t\t\t\t\t<\/a>\n\t\t\t\t<\/div>\n\t\t\t\t\t\t\t\t<\/div>\n\t\t\t\t<\/div>\n\t\t\t\t<div class=\"elementor-element elementor-element-cad3e93 elementor-absolute elementor-widget elementor-widget-image\" data-id=\"cad3e93\" data-element_type=\"widget\" data-e-type=\"widget\" data-settings=\"{&quot;_position&quot;:&quot;absolute&quot;}\" data-widget_type=\"image.default\">\n\t\t\t\t<div class=\"elementor-widget-container\">\n\t\t\t\t\t\t\t\t\t\t\t\t\t\t\t<img fetchpriority=\"high\" decoding=\"async\" width=\"900\" height=\"600\" src=\"https:\/\/dr-sahin.help\/wp-content\/uploads\/2025\/09\/11I2260_900x.webp\" class=\"attachment-full size-full wp-image-1919\" alt=\"\" srcset=\"https:\/\/dr-sahin.help\/wp-content\/uploads\/2025\/09\/11I2260_900x.webp 900w, https:\/\/dr-sahin.help\/wp-content\/uploads\/2025\/09\/11I2260_900x-600x400.webp 600w, https:\/\/dr-sahin.help\/wp-content\/uploads\/2025\/09\/11I2260_900x-300x200.webp 300w, https:\/\/dr-sahin.help\/wp-content\/uploads\/2025\/09\/11I2260_900x-768x512.webp 768w\" sizes=\"(max-width: 900px) 100vw, 900px\" \/>\t\t\t\t\t\t\t\t\t\t\t\t\t\t\t<\/div>\n\t\t\t\t<\/div>\n\t\t\t\t<\/div>\n\t\t\t\t\t<\/div>\n\t\t\t\t<\/div>\n\t\t<div class=\"elementor-element elementor-element-345a4c6 e-flex e-con-boxed e-con e-parent\" data-id=\"345a4c6\" data-element_type=\"container\" data-e-type=\"container\">\n\t\t\t\t\t<div class=\"e-con-inner\">\n\t\t<div class=\"elementor-element elementor-element-78dc981 e-con-full e-flex e-con e-child\" data-id=\"78dc981\" data-element_type=\"container\" data-e-type=\"container\" data-settings=\"{&quot;background_background&quot;:&quot;classic&quot;}\">\n\t\t\t\t<div class=\"elementor-element elementor-element-0789e3b elementor-widget elementor-widget-text-editor\" data-id=\"0789e3b\" data-element_type=\"widget\" data-e-type=\"widget\" data-widget_type=\"text-editor.default\">\n\t\t\t\t<div class=\"elementor-widget-container\">\n\t\t\t\t\t\t\t\t\t<p>Dr.Sahin Help gGmbH<br \/>Neumarkt C1<br \/>50667 K\u00f6ln<\/p><p>\u0627\u0644\u0633\u062c\u0644 \u0627\u0644\u062a\u062c\u0627\u0631\u064a: HRB 105819<br \/>\u0645\u062d\u0643\u0645\u0629 \u0627\u0644\u062a\u0633\u062c\u064a\u0644: \u0645\u062d\u0643\u0645\u0629 \u0643\u0648\u0644\u0648\u0646\u064a\u0627 \u0627\u0644\u0645\u062d\u0644\u064a\u0629<\/p><p>\u0645\u0643\u062a\u0628 \u0627\u0644\u0636\u0631\u0627\u0626\u0628 \u0641\u064a \u0643\u0648\u0644\u0648\u0646\u064a\u0627-\u0623\u0644\u062a\u0634\u062a\u0627\u062a<br \/>\u0627\u0644\u0631\u0642\u0645 \u0627\u0644\u0636\u0631\u064a\u0628\u064a 214\/5853\/1692\/5853\/1692<\/p><p><strong>\u0645\u0645\u062b\u0644\u0629 \u0628\u0640:<\/strong><br \/>\u0634\u0631\u064a\u0643 \u0625\u062f\u0627\u0631\u064a<br \/>\u062f. \u064a\u0627\u0641\u0648\u0632 \u0634\u0627\u0647\u064a\u0646\u00a0<\/p>\t\t\t\t\t\t\t\t<\/div>\n\t\t\t\t<\/div>\n\t\t\t\t<\/div>\n\t\t<div class=\"elementor-element elementor-element-4a216b4 e-con-full e-flex e-con e-child\" data-id=\"4a216b4\" data-element_type=\"container\" data-e-type=\"container\" data-settings=\"{&quot;background_background&quot;:&quot;classic&quot;}\">\n\t\t\t\t<div class=\"elementor-element elementor-element-dc5e609 elementor-widget elementor-widget-heading\" data-id=\"dc5e609\" data-element_type=\"widget\" data-e-type=\"widget\" data-widget_type=\"heading.default\">\n\t\t\t\t<div class=\"elementor-widget-container\">\n\t\t\t\t\t<h3 class=\"elementor-heading-title elementor-size-default\">\u0627\u062a\u0635\u0644 \u0628\u0646\u0627<\/h3>\t\t\t\t<\/div>\n\t\t\t\t<\/div>\n\t\t\t\t<div class=\"elementor-element elementor-element-7435aa5 elementor-icon-list--layout-traditional elementor-list-item-link-full_width elementor-widget elementor-widget-icon-list\" data-id=\"7435aa5\" data-element_type=\"widget\" data-e-type=\"widget\" data-widget_type=\"icon-list.default\">\n\t\t\t\t<div class=\"elementor-widget-container\">\n\t\t\t\t\t\t\t<ul class=\"elementor-icon-list-items\">\n\t\t\t\t\t\t\t<li class=\"elementor-icon-list-item\">\n\t\t\t\t\t\t\t\t\t\t\t<a href=\"tel:00491626677088\">\n\n\t\t\t\t\t\t\t\t\t\t\t\t<span class=\"elementor-icon-list-icon\">\n\t\t\t\t\t\t\t<i aria-hidden=\"true\" class=\"dcbold- dc-bold-rounded-b-phone\"><\/i>\t\t\t\t\t\t<\/span>\n\t\t\t\t\t\t\t\t\t\t<span class=\"elementor-icon-list-text\">+49 (0) 162 66 77 0 88<\/span>\n\t\t\t\t\t\t\t\t\t\t\t<\/a>\n\t\t\t\t\t\t\t\t\t<\/li>\n\t\t\t\t\t\t\t\t<li class=\"elementor-icon-list-item\">\n\t\t\t\t\t\t\t\t\t\t\t<a href=\"mailto:help@dr-sahin.de\">\n\n\t\t\t\t\t\t\t\t\t\t\t\t<span class=\"elementor-icon-list-icon\">\n\t\t\t\t\t\t\t<i aria-hidden=\"true\" class=\"dcbold- dc-bold-rounded-b-mail\"><\/i>\t\t\t\t\t\t<\/span>\n\t\t\t\t\t\t\t\t\t\t<span class=\"elementor-icon-list-text\">info@dr-sahin.help<\/span>\n\t\t\t\t\t\t\t\t\t\t\t<\/a>\n\t\t\t\t\t\t\t\t\t<\/li>\n\t\t\t\t\t\t<\/ul>\n\t\t\t\t\t\t<\/div>\n\t\t\t\t<\/div>\n\t\t\t\t<div class=\"elementor-element elementor-element-8f1bb28 elementor-widget elementor-widget-text-editor\" data-id=\"8f1bb28\" data-element_type=\"widget\" data-e-type=\"widget\" data-widget_type=\"text-editor.default\">\n\t\t\t\t<div class=\"elementor-widget-container\">\n\t\t\t\t\t\t\t\t\t<p><strong>\u0645\u0633\u0624\u0648\u0644 \u062a\u062d\u0631\u064a\u0631\u064a<\/strong><br \/>Dr. Yavuz \u015eahin<br \/>Neumarkt C1<br \/>50667 K\u00f6ln<\/p>\t\t\t\t\t\t\t\t<\/div>\n\t\t\t\t<\/div>\n\t\t\t\t<\/div>\n\t\t<div class=\"elementor-element elementor-element-7ffec9b e-con-full e-flex e-con e-child\" data-id=\"7ffec9b\" data-element_type=\"container\" data-e-type=\"container\" data-settings=\"{&quot;background_background&quot;:&quot;classic&quot;}\">\n\t\t\t\t<div class=\"elementor-element elementor-element-403c677 elementor-widget elementor-widget-heading\" data-id=\"403c677\" data-element_type=\"widget\" data-e-type=\"widget\" data-widget_type=\"heading.default\">\n\t\t\t\t<div class=\"elementor-widget-container\">\n\t\t\t\t\t<h3 class=\"elementor-heading-title elementor-size-default\">\u0645\u0639\u0631\u0651\u0641 \u0636\u0631\u064a\u0628\u0629 \u0627\u0644\u0645\u0628\u064a\u0639\u0627\u062a<\/h3>\t\t\t\t<\/div>\n\t\t\t\t<\/div>\n\t\t\t\t<div class=\"elementor-element elementor-element-3e8634b elementor-widget elementor-widget-text-editor\" data-id=\"3e8634b\" data-element_type=\"widget\" data-e-type=\"widget\" data-widget_type=\"text-editor.default\">\n\t\t\t\t<div class=\"elementor-widget-container\">\n\t\t\t\t\t\t\t\t\t<p>\u0631\u0642\u0645 \u062a\u0639\u0631\u064a\u0641 \u0636\u0631\u064a\u0628\u0629 \u0627\u0644\u0645\u0628\u064a\u0639\u0627\u062a \u0648\u0641\u0642\u0627\u064b \u0644\u0644\u0645\u0627\u062f\u0629 27 \u0623 \u0645\u0646 \u0642\u0627\u0646\u0648\u0646 \u0636\u0631\u064a\u0628\u0629 \u0627\u0644\u0645\u0628\u064a\u0639\u0627\u062a:<br \/>DE343505607<\/p>\t\t\t\t\t\t\t\t<\/div>\n\t\t\t\t<\/div>\n\t\t\t\t<\/div>\n\t\t<div class=\"elementor-element elementor-element-5d56d6c e-con-full e-flex e-con e-child\" data-id=\"5d56d6c\" data-element_type=\"container\" data-e-type=\"container\" data-settings=\"{&quot;background_background&quot;:&quot;classic&quot;}\">\n\t\t\t\t<div class=\"elementor-element elementor-element-23be10e elementor-widget elementor-widget-heading\" data-id=\"23be10e\" data-element_type=\"widget\" data-e-type=\"widget\" data-widget_type=\"heading.default\">\n\t\t\t\t<div class=\"elementor-widget-container\">\n\t\t\t\t\t<h3 class=\"elementor-heading-title elementor-size-default\">\u062a\u0633\u0648\u064a\u0629 \u0627\u0644\u0645\u0646\u0627\u0632\u0639\u0627\u062a \u0641\u064a \u0627\u0644\u0627\u062a\u062d\u0627\u062f \u0627\u0644\u0623\u0648\u0631\u0648\u0628\u064a<\/h3>\t\t\t\t<\/div>\n\t\t\t\t<\/div>\n\t\t\t\t<div class=\"elementor-element elementor-element-bb97c59 elementor-widget elementor-widget-text-editor\" data-id=\"bb97c59\" data-element_type=\"widget\" data-e-type=\"widget\" data-widget_type=\"text-editor.default\">\n\t\t\t\t<div class=\"elementor-widget-container\">\n\t\t\t\t\t\t\t\t\t<p>\u062a\u0648\u0641\u0631 \u0627\u0644\u0645\u0641\u0648\u0636\u064a\u0629 \u0627\u0644\u0623\u0648\u0631\u0648\u0628\u064a\u0629 \u0645\u0646\u0635\u0629 \u0644\u062a\u0633\u0648\u064a\u0629 \u0627\u0644\u0645\u0646\u0627\u0632\u0639\u0627\u062a \u0639\u0628\u0631 \u0627\u0644\u0625\u0646\u062a\u0631\u0646\u062a (OS):\u00a0<a href=\"https:\/\/ec.europa.eu\/consumers\/odr\/\" target=\"_blank\" rel=\"noopener\">https:\/\/ec.europa.eu\/consumers\/odr\/<\/a>.<br \/>\u064a\u0645\u0643\u0646\u0643 \u0627\u0644\u0639\u062b\u0648\u0631 \u0639\u0644\u0649 \u0639\u0646\u0648\u0627\u0646 \u0628\u0631\u064a\u062f\u0646\u0627 \u0627\u0644\u0625\u0644\u0643\u062a\u0631\u0648\u0646\u064a \u0641\u064a \u0627\u0644\u0625\u0634\u0639\u0627\u0631 \u0627\u0644\u0642\u0627\u0646\u0648\u0646\u064a \u0623\u0639\u0644\u0627\u0647.<\/p>\t\t\t\t\t\t\t\t<\/div>\n\t\t\t\t<\/div>\n\t\t\t\t<\/div>\n\t\t\t\t\t<\/div>\n\t\t\t\t<\/div>\n\t\t\t\t<\/div>","protected":false},"excerpt":{"rendered":"<p>Impressum Angaben gem\u00e4\u00df \u00a7 5 DDG Mehr lesen Dr. \u015eahin help gGmbHNeumarkt 1C50667 K\u00f6ln Handelsregister: HRB 105819Registergericht: Amtsgericht K\u00f6ln Finanzamt K\u00f6ln-AltstadtSteuernummer 214\/5853\/1692 Vertreten durch:Gesch\u00e4ftsf\u00fchrender GesellschafterDr. Yavuz \u015eAHIN\u00a0 Kontakt +49 (0) 162 66 77 0 88 info@dr-sahin.help Redaktionell verantwortlichDr. Yavuz \u015eahinNeumarkt 1C50667 K\u00f6ln Umsatzsteuer-id Umsatzsteuer-Identifikationsnummer gem\u00e4\u00df \u00a7 27 a Umsatzsteuergesetz:DE343505607 EU-Streit&shy;schlichtung Die Europ\u00e4ische Kommission stellt eine [&hellip;]<\/p>\n","protected":false},"author":1,"featured_media":0,"parent":0,"menu_order":0,"comment_status":"closed","ping_status":"closed","template":"","meta":{"footnotes":""},"class_list":["post-2931","page","type-page","status-publish","hentry"],"yoast_head":"<!-- This site is optimized with the Yoast SEO plugin v27.2 - https:\/\/yoast.com\/product\/yoast-seo-wordpress\/ -->\n<title>Impressum &#8212; Dr. \u015eahin help<\/title>\n<meta name=\"robots\" content=\"index, follow, max-snippet:-1, max-image-preview:large, max-video-preview:-1\" \/>\n<link rel=\"canonical\" href=\"https:\/\/dr-sahin.help\/ar\/impressum\/\" \/>\n<meta property=\"og:locale\" content=\"ar_AR\" \/>\n<meta property=\"og:type\" content=\"article\" \/>\n<meta property=\"og:title\" content=\"Impressum &#8212; Dr. \u015eahin help\" \/>\n<meta property=\"og:description\" content=\"Impressum Angaben gem\u00e4\u00df \u00a7 5 DDG Mehr lesen Dr. \u015eahin help gGmbHNeumarkt 1C50667 K\u00f6ln Handelsregister: HRB 105819Registergericht: Amtsgericht K\u00f6ln Finanzamt K\u00f6ln-AltstadtSteuernummer 214\/5853\/1692 Vertreten durch:Gesch\u00e4ftsf\u00fchrender GesellschafterDr. Yavuz \u015eAHIN\u00a0 Kontakt +49 (0) 162 66 77 0 88 info@dr-sahin.help Redaktionell verantwortlichDr. Yavuz \u015eahinNeumarkt 1C50667 K\u00f6ln Umsatzsteuer-id Umsatzsteuer-Identifikationsnummer gem\u00e4\u00df \u00a7 27 a Umsatzsteuergesetz:DE343505607 EU-Streit&shy;schlichtung Die Europ\u00e4ische Kommission stellt eine [&hellip;]\" \/>\n<meta property=\"og:url\" content=\"https:\/\/dr-sahin.help\/ar\/impressum\/\" \/>\n<meta property=\"og:site_name\" content=\"Dr. \u015eahin help\" \/>\n<meta property=\"article:publisher\" content=\"https:\/\/www.facebook.com\/Drsahinhelp\" \/>\n<meta property=\"article:modified_time\" content=\"2026-04-27T14:01:48+00:00\" \/>\n<meta property=\"og:image\" content=\"https:\/\/dr-sahin.help\/wp-content\/uploads\/2025\/09\/11I2260_900x.webp\" \/>\n\t<meta property=\"og:image:width\" content=\"900\" \/>\n\t<meta property=\"og:image:height\" content=\"600\" \/>\n\t<meta property=\"og:image:type\" content=\"image\/webp\" \/>\n<meta name=\"twitter:card\" content=\"summary_large_image\" \/>\n<meta name=\"twitter:label1\" content=\"\u0648\u0642\u062a \u0627\u0644\u0642\u0631\u0627\u0621\u0629 \u0627\u0644\u0645\u064f\u0642\u062f\u0651\u0631\" \/>\n\t<meta name=\"twitter:data1\" content=\"\u062f\u0642\u064a\u0642\u0629 \u0648\u0627\u062d\u062f\u0629\" \/>\n<script type=\"application\/ld+json\" class=\"yoast-schema-graph\">{\"@context\":\"https:\/\/schema.org\",\"@graph\":[{\"@type\":\"WebPage\",\"@id\":\"https:\/\/dr-sahin.help\/impressum\/\",\"url\":\"https:\/\/dr-sahin.help\/impressum\/\",\"name\":\"Impressum &#8212; Dr. \u015eahin help\",\"isPartOf\":{\"@id\":\"https:\/\/dr-sahin.help\/#website\"},\"primaryImageOfPage\":{\"@id\":\"https:\/\/dr-sahin.help\/impressum\/#primaryimage\"},\"image\":{\"@id\":\"https:\/\/dr-sahin.help\/impressum\/#primaryimage\"},\"thumbnailUrl\":\"https:\/\/dr-sahin.help\/wp-content\/uploads\/2025\/09\/11I2260_900x.webp\",\"datePublished\":\"2025-09-24T07:07:37+00:00\",\"dateModified\":\"2026-04-27T14:01:48+00:00\",\"breadcrumb\":{\"@id\":\"https:\/\/dr-sahin.help\/impressum\/#breadcrumb\"},\"inLanguage\":\"ar\",\"potentialAction\":[{\"@type\":\"ReadAction\",\"target\":[\"https:\/\/dr-sahin.help\/impressum\/\"]}]},{\"@type\":\"ImageObject\",\"inLanguage\":\"ar\",\"@id\":\"https:\/\/dr-sahin.help\/impressum\/#primaryimage\",\"url\":\"https:\/\/dr-sahin.help\/wp-content\/uploads\/2025\/09\/11I2260_900x.webp\",\"contentUrl\":\"https:\/\/dr-sahin.help\/wp-content\/uploads\/2025\/09\/11I2260_900x.webp\"},{\"@type\":\"BreadcrumbList\",\"@id\":\"https:\/\/dr-sahin.help\/impressum\/#breadcrumb\",\"itemListElement\":[{\"@type\":\"ListItem\",\"position\":1,\"name\":\"Startseite\",\"item\":\"https:\/\/dr-sahin.help\/\"},{\"@type\":\"ListItem\",\"position\":2,\"name\":\"Impressum\"}]},{\"@type\":\"WebSite\",\"@id\":\"https:\/\/dr-sahin.help\/#website\",\"url\":\"https:\/\/dr-sahin.help\/\",\"name\":\"Dr. \u015eahin HELP\",\"description\":\"Spenden f\u00fcr Bed\u00fcrftige\",\"publisher\":{\"@id\":\"https:\/\/dr-sahin.help\/#organization\"},\"alternateName\":\"Dr. Sahin HELP\",\"potentialAction\":[{\"@type\":\"SearchAction\",\"target\":{\"@type\":\"EntryPoint\",\"urlTemplate\":\"https:\/\/dr-sahin.help\/?s={search_term_string}\"},\"query-input\":{\"@type\":\"PropertyValueSpecification\",\"valueRequired\":true,\"valueName\":\"search_term_string\"}}],\"inLanguage\":\"ar\"},{\"@type\":\"Organization\",\"@id\":\"https:\/\/dr-sahin.help\/#organization\",\"name\":\"Dr. \u015eahin HELP\",\"alternateName\":\"Dr. Sahin HELP\",\"url\":\"https:\/\/dr-sahin.help\/\",\"logo\":{\"@type\":\"ImageObject\",\"inLanguage\":\"ar\",\"@id\":\"https:\/\/dr-sahin.help\/#\/schema\/logo\/image\/\",\"url\":\"https:\/\/dr-sahin.help\/wp-content\/uploads\/2025\/08\/SiteLogo.png\",\"contentUrl\":\"https:\/\/dr-sahin.help\/wp-content\/uploads\/2025\/08\/SiteLogo.png\",\"width\":1337,\"height\":480,\"caption\":\"Dr. \u015eahin HELP\"},\"image\":{\"@id\":\"https:\/\/dr-sahin.help\/#\/schema\/logo\/image\/\"},\"sameAs\":[\"https:\/\/www.facebook.com\/Drsahinhelp\",\"https:\/\/www.instagram.com\/drsahin_help\/\"]}]}<\/script>\n<!-- \/ Yoast SEO plugin. -->","yoast_head_json":{"title":"\u0628\u0635\u0645\u0629 - \u0645\u0633\u0627\u0639\u062f\u0629 \u0627\u0644\u062f\u0643\u062a\u0648\u0631 \u0634\u0627\u0647\u064a\u0646","robots":{"index":"index","follow":"follow","max-snippet":"max-snippet:-1","max-image-preview":"max-image-preview:large","max-video-preview":"max-video-preview:-1"},"canonical":"https:\/\/dr-sahin.help\/ar\/impressum\/","og_locale":"ar_AR","og_type":"article","og_title":"Impressum &#8212; Dr. \u015eahin help","og_description":"Impressum Angaben gem\u00e4\u00df \u00a7 5 DDG Mehr lesen Dr. \u015eahin help gGmbHNeumarkt 1C50667 K\u00f6ln Handelsregister: HRB 105819Registergericht: Amtsgericht K\u00f6ln Finanzamt K\u00f6ln-AltstadtSteuernummer 214\/5853\/1692 Vertreten durch:Gesch\u00e4ftsf\u00fchrender GesellschafterDr. Yavuz \u015eAHIN\u00a0 Kontakt +49 (0) 162 66 77 0 88 info@dr-sahin.help Redaktionell verantwortlichDr. Yavuz \u015eahinNeumarkt 1C50667 K\u00f6ln Umsatzsteuer-id Umsatzsteuer-Identifikationsnummer gem\u00e4\u00df \u00a7 27 a Umsatzsteuergesetz:DE343505607 EU-Streit&shy;schlichtung Die Europ\u00e4ische Kommission stellt eine [&hellip;]","og_url":"https:\/\/dr-sahin.help\/ar\/impressum\/","og_site_name":"Dr. \u015eahin help","article_publisher":"https:\/\/www.facebook.com\/Drsahinhelp","article_modified_time":"2026-04-27T14:01:48+00:00","og_image":[{"width":900,"height":600,"url":"https:\/\/dr-sahin.help\/wp-content\/uploads\/2025\/09\/11I2260_900x.webp","type":"image\/webp"}],"twitter_card":"summary_large_image","twitter_misc":{"\u0648\u0642\u062a \u0627\u0644\u0642\u0631\u0627\u0621\u0629 \u0627\u0644\u0645\u064f\u0642\u062f\u0651\u0631":"\u062f\u0642\u064a\u0642\u0629 \u0648\u0627\u062d\u062f\u0629"},"schema":{"@context":"https:\/\/schema.org","@graph":[{"@type":"WebPage","@id":"https:\/\/dr-sahin.help\/impressum\/","url":"https:\/\/dr-sahin.help\/impressum\/","name":"\u0628\u0635\u0645\u0629 - \u0645\u0633\u0627\u0639\u062f\u0629 \u0627\u0644\u062f\u0643\u062a\u0648\u0631 \u0634\u0627\u0647\u064a\u0646","isPartOf":{"@id":"https:\/\/dr-sahin.help\/#website"},"primaryImageOfPage":{"@id":"https:\/\/dr-sahin.help\/impressum\/#primaryimage"},"image":{"@id":"https:\/\/dr-sahin.help\/impressum\/#primaryimage"},"thumbnailUrl":"https:\/\/dr-sahin.help\/wp-content\/uploads\/2025\/09\/11I2260_900x.webp","datePublished":"2025-09-24T07:07:37+00:00","dateModified":"2026-04-27T14:01:48+00:00","breadcrumb":{"@id":"https:\/\/dr-sahin.help\/impressum\/#breadcrumb"},"inLanguage":"ar","potentialAction":[{"@type":"ReadAction","target":["https:\/\/dr-sahin.help\/impressum\/"]}]},{"@type":"ImageObject","inLanguage":"ar","@id":"https:\/\/dr-sahin.help\/impressum\/#primaryimage","url":"https:\/\/dr-sahin.help\/wp-content\/uploads\/2025\/09\/11I2260_900x.webp","contentUrl":"https:\/\/dr-sahin.help\/wp-content\/uploads\/2025\/09\/11I2260_900x.webp"},{"@type":"BreadcrumbList","@id":"https:\/\/dr-sahin.help\/impressum\/#breadcrumb","itemListElement":[{"@type":"ListItem","position":1,"name":"Startseite","item":"https:\/\/dr-sahin.help\/"},{"@type":"ListItem","position":2,"name":"Impressum"}]},{"@type":"WebSite","@id":"https:\/\/dr-sahin.help\/#website","url":"https:\/\/dr-sahin.help\/","name":"\u062f. \u0634\u0627\u0647\u064a\u0646 \u0645\u0633\u0627\u0639\u062f\u0629","description":"\u0627\u0644\u062a\u0628\u0631\u0639\u0627\u062a \u0644\u0644\u0645\u062d\u062a\u0627\u062c\u064a\u0646","publisher":{"@id":"https:\/\/dr-sahin.help\/#organization"},"alternateName":"Dr. Sahin HELP","potentialAction":[{"@type":"SearchAction","target":{"@type":"EntryPoint","urlTemplate":"https:\/\/dr-sahin.help\/?s={search_term_string}"},"query-input":{"@type":"PropertyValueSpecification","valueRequired":true,"valueName":"search_term_string"}}],"inLanguage":"ar"},{"@type":"Organization","@id":"https:\/\/dr-sahin.help\/#organization","name":"\u062f. \u0634\u0627\u0647\u064a\u0646 \u0645\u0633\u0627\u0639\u062f\u0629","alternateName":"Dr. Sahin HELP","url":"https:\/\/dr-sahin.help\/","logo":{"@type":"ImageObject","inLanguage":"ar","@id":"https:\/\/dr-sahin.help\/#\/schema\/logo\/image\/","url":"https:\/\/dr-sahin.help\/wp-content\/uploads\/2025\/08\/SiteLogo.png","contentUrl":"https:\/\/dr-sahin.help\/wp-content\/uploads\/2025\/08\/SiteLogo.png","width":1337,"height":480,"caption":"Dr. \u015eahin HELP"},"image":{"@id":"https:\/\/dr-sahin.help\/#\/schema\/logo\/image\/"},"sameAs":["https:\/\/www.facebook.com\/Drsahinhelp","https:\/\/www.instagram.com\/drsahin_help\/"]}]}},"jetpack_sharing_enabled":true,"_links":{"self":[{"href":"https:\/\/dr-sahin.help\/ar\/wp-json\/wp\/v2\/pages\/2931","targetHints":{"allow":["GET"]}}],"collection":[{"href":"https:\/\/dr-sahin.help\/ar\/wp-json\/wp\/v2\/pages"}],"about":[{"href":"https:\/\/dr-sahin.help\/ar\/wp-json\/wp\/v2\/types\/page"}],"author":[{"embeddable":true,"href":"https:\/\/dr-sahin.help\/ar\/wp-json\/wp\/v2\/users\/1"}],"replies":[{"embeddable":true,"href":"https:\/\/dr-sahin.help\/ar\/wp-json\/wp\/v2\/comments?post=2931"}],"version-history":[{"count":19,"href":"https:\/\/dr-sahin.help\/ar\/wp-json\/wp\/v2\/pages\/2931\/revisions"}],"predecessor-version":[{"id":13084,"href":"https:\/\/dr-sahin.help\/ar\/wp-json\/wp\/v2\/pages\/2931\/revisions\/13084"}],"wp:attachment":[{"href":"https:\/\/dr-sahin.help\/ar\/wp-json\/wp\/v2\/media?parent=2931"}],"curies":[{"name":"wp","href":"https:\/\/api.w.org\/{rel}","templated":true}]}}