{"id":10615,"date":"2026-03-27T17:44:12","date_gmt":"2026-03-27T15:44:12","guid":{"rendered":"https:\/\/dr-sahin.help\/?page_id=10615"},"modified":"2026-03-27T17:54:15","modified_gmt":"2026-03-27T15:54:15","slug":"spendenquittung","status":"publish","type":"page","link":"https:\/\/dr-sahin.help\/ar\/spendenquittung\/","title":{"rendered":"\u0625\u064a\u0635\u0627\u0644 \u0627\u0644\u062a\u0628\u0631\u0639"},"content":{"rendered":"<div data-elementor-type=\"wp-page\" data-elementor-id=\"10615\" class=\"elementor elementor-10615\" data-elementor-post-type=\"page\">\n\t\t\t\t<div class=\"elementor-element elementor-element-cdc6121 e-flex e-con-boxed e-con e-parent\" data-id=\"cdc6121\" data-element_type=\"container\" data-e-type=\"container\">\n\t\t\t\t\t<div class=\"e-con-inner\">\n\t\t\t\t<div class=\"elementor-element elementor-element-84afea7 elementor-widget elementor-widget-spacer\" data-id=\"84afea7\" data-element_type=\"widget\" data-e-type=\"widget\" data-widget_type=\"spacer.default\">\n\t\t\t\t<div class=\"elementor-widget-container\">\n\t\t\t\t\t\t\t<div class=\"elementor-spacer\">\n\t\t\t<div class=\"elementor-spacer-inner\"><\/div>\n\t\t<\/div>\n\t\t\t\t\t\t<\/div>\n\t\t\t\t<\/div>\n\t\t\t\t<div class=\"elementor-element elementor-element-d1c0de2 elementor-widget elementor-widget-heading\" data-id=\"d1c0de2\" data-element_type=\"widget\" data-e-type=\"widget\" data-widget_type=\"heading.default\">\n\t\t\t\t<div class=\"elementor-widget-container\">\n\t\t\t\t\t<h2 class=\"elementor-heading-title elementor-size-default\">\u0625\u064a\u0635\u0627\u0644 \u0627\u0644\u062a\u0628\u0631\u0639<\/h2>\t\t\t\t<\/div>\n\t\t\t\t<\/div>\n\t\t\t\t<div class=\"elementor-element elementor-element-2eef6e7 elementor-widget elementor-widget-text-editor\" data-id=\"2eef6e7\" data-element_type=\"widget\" data-e-type=\"widget\" data-widget_type=\"text-editor.default\">\n\t\t\t\t<div class=\"elementor-widget-container\">\n\t\t\t\t\t\t\t\t\t<pre style=\"margin: 0px 0px 0.4em; color: #2e3234; font-family: Poppins, sans-serif; font-weight: 600; font-size: 17px; line-height: 1.5; -webkit-font-smoothing: antialiased; text-transform: none; text-align: center;\">\u064a\u0645\u0643\u0646\u0643 \u0647\u0646\u0627 \u062a\u0642\u062f\u064a\u0645 \u0625\u064a\u0635\u0627\u0644 \u0627\u0644\u062a\u0628\u0631\u0639 \u0627\u0644\u0645\u0628\u0633\u0637 \u0644\u0644\u062a\u0628\u0631\u0639\u0627\u062a \u0645\u0646 \u062e\u0644\u0627\u0644 \u0647\u0630\u0627 \u0627\u0644\u0631\u0627\u0628\u0637&nbsp;<span style=\"-webkit-font-smoothing: antialiased; color: #000000;\">\u062d\u062a\u0649&nbsp;<span style=\"-webkit-font-smoothing: antialiased;\">\u0628\u0645\u0627 \u0641\u064a \u0630\u0644\u0643 300.00 \u064a\u0648\u0631\u0648<\/span> \u062a\u0646\u0632\u064a\u0644 \u0645\u0631\u064a\u062d.&nbsp;<\/span><br><span style=\"-webkit-font-smoothing: antialiased; color: #000000;\">\u062c\u0646\u0628\u0627 \u0625\u0644\u0649 \u062c\u0646\u0628 \u0645\u0639<\/span>\u0647\u0630\u0627 \u0627\u0644\u0625\u064a\u0635\u0627\u0644 \u0643\u0627\u0641\u064d \u0644\u0645\u0643\u062a\u0628 \u0627\u0644\u0636\u0631\u0627\u0626\u0628.<br><p><\/p><\/pre>\t\t\t\t\t\t\t\t<\/div>\n\t\t\t\t<\/div>\n\t\t\t\t<div class=\"elementor-element elementor-element-51c464d elementor-align-center elementor-widget elementor-widget-button\" data-id=\"51c464d\" data-element_type=\"widget\" data-e-type=\"widget\" data-widget_type=\"button.default\">\n\t\t\t\t<div class=\"elementor-widget-container\">\n\t\t\t\t\t\t\t\t\t<div class=\"elementor-button-wrapper\">\n\t\t\t\t\t<a class=\"elementor-button elementor-button-link elementor-size-sm\" href=\"https:\/\/dr-sahin.help\/wp-content\/uploads\/2026\/03\/Vereinfachter_Spendennachweis_Dr._Sahin_help_gGmbH.pdf\">\n\t\t\t\t\t\t<span class=\"elementor-button-content-wrapper\">\n\t\t\t\t\t\t\t\t\t<span class=\"elementor-button-text\">\u062a\u062d\u0645\u064a\u0644 \u0647\u0646\u0627<\/span>\n\t\t\t\t\t<\/span>\n\t\t\t\t\t<\/a>\n\t\t\t\t<\/div>\n\t\t\t\t\t\t\t\t<\/div>\n\t\t\t\t<\/div>\n\t\t\t\t<div class=\"elementor-element elementor-element-36c2558 elementor-widget elementor-widget-text-editor\" data-id=\"36c2558\" data-element_type=\"widget\" data-e-type=\"widget\" data-widget_type=\"text-editor.default\">\n\t\t\t\t<div class=\"elementor-widget-container\">\n\t\t\t\t\t\t\t\t\t<pre style=\"margin: 0px 0px 0.4em; color: #2e3234; font-family: Poppins, sans-serif; font-weight: 600; font-size: 17px; line-height: 1.5; -webkit-font-smoothing: antialiased; text-transform: none; text-align: center;\">\u0628\u0627\u0644\u0646\u0633\u0628\u0629 \u0644\u0644\u062a\u0628\u0631\u0639\u0627\u062a \u0627\u0644\u062a\u064a \u062a\u0628\u0644\u063a \u0642\u064a\u0645\u062a\u0647\u0627 300 \u064a\u0648\u0631\u0648 \u0623\u0648 \u0623\u0643\u062b\u0631 \u0627\u0644\u062a\u064a \u062a\u062a\u0645 \u0639\u0628\u0631 \u0645\u0648\u0642\u0639\u0646\u0627 \u0627\u0644\u0625\u0644\u0643\u062a\u0631\u0648\u0646\u064a\u060c \u0633\u0648\u0641 \u062a\u062a\u0644\u0642\u0649 \u062a\u0644\u0642\u0627\u0626\u064a\u064b\u0627 \u0625\u064a\u0635\u0627\u0644 \u062a\u0628\u0631\u0639\u0643 \u0639\u0644\u0649 \u0627\u0644\u0641\u0648\u0631.<br \/>\u0628\u0627\u0644\u0646\u0633\u0628\u0629 \u0644\u0644\u062a\u062d\u0648\u064a\u0644\u0627\u062a \u0627\u0644\u0628\u0646\u0643\u064a\u0629\u060c \u064a\u064f\u0631\u062c\u0649 \u062a\u0632\u0648\u064a\u062f\u0646\u0627 \u0628\u0639\u0646\u0648\u0627\u0646\u0643 \u0644\u0644\u062d\u0635\u0648\u0644 \u0639\u0644\u0649 \u0625\u064a\u0635\u0627\u0644 \u0627\u0644\u062a\u0628\u0631\u0639.<br \/><br \/>\u0627\u0644\u0627\u062a\u0635\u0627\u0644 \u0639\u0644\u0649: info@dr-sahin.help   <\/pre>\t\t\t\t\t\t\t\t<\/div>\n\t\t\t\t<\/div>\n\t\t\t\t<div class=\"elementor-element elementor-element-6b56491 elementor-widget elementor-widget-spacer\" data-id=\"6b56491\" data-element_type=\"widget\" data-e-type=\"widget\" data-widget_type=\"spacer.default\">\n\t\t\t\t<div class=\"elementor-widget-container\">\n\t\t\t\t\t\t\t<div class=\"elementor-spacer\">\n\t\t\t<div class=\"elementor-spacer-inner\"><\/div>\n\t\t<\/div>\n\t\t\t\t\t\t<\/div>\n\t\t\t\t<\/div>\n\t\t\t\t\t<\/div>\n\t\t\t\t<\/div>\n\t\t\t\t<\/div>","protected":false},"excerpt":{"rendered":"<p>Spendenquittung Hier kannst Du Deinen vereinfachten Spendennachweis f\u00fcr Spenden&nbsp;bis&nbsp;einschlie\u00dflich EUR 300,00 bequem herunterladen.&nbsp;Zusammen mit dem Kontoauszug zu deiner Spende ist dieser Beleg ausreichend f\u00fcr das Finanzamt. Hier Herunterladen F\u00fcr Spenden ab 300\u20ac die \u00fcber unsere Webseite gespendet werden, erhalten sie zeitnah automatisch Ihre Spendenquittung.Bei \u00dcberweisungen bitten wir Sie uns Ihre Adresse f\u00fcr die Spendenquittung mitzuteilen.Kontakt [&hellip;]<\/p>\n","protected":false},"author":11,"featured_media":0,"parent":0,"menu_order":0,"comment_status":"closed","ping_status":"closed","template":"","meta":{"footnotes":""},"class_list":["post-10615","page","type-page","status-publish","hentry"],"yoast_head":"<!-- This site is optimized with the Yoast SEO plugin v27.2 - https:\/\/yoast.com\/product\/yoast-seo-wordpress\/ -->\n<title>Spendenquittung &#8212; Dr. \u015eahin help<\/title>\n<meta name=\"robots\" content=\"index, follow, max-snippet:-1, max-image-preview:large, max-video-preview:-1\" \/>\n<link rel=\"canonical\" href=\"https:\/\/dr-sahin.help\/ar\/spendenquittung\/\" \/>\n<meta property=\"og:locale\" content=\"ar_AR\" \/>\n<meta property=\"og:type\" content=\"article\" \/>\n<meta property=\"og:title\" content=\"Spendenquittung &#8212; Dr. \u015eahin help\" \/>\n<meta property=\"og:description\" content=\"Spendenquittung Hier kannst Du Deinen vereinfachten Spendennachweis f\u00fcr Spenden&nbsp;bis&nbsp;einschlie\u00dflich EUR 300,00 bequem herunterladen.&nbsp;Zusammen mit dem Kontoauszug zu deiner Spende ist dieser Beleg ausreichend f\u00fcr das Finanzamt. Hier Herunterladen F\u00fcr Spenden ab 300\u20ac die \u00fcber unsere Webseite gespendet werden, erhalten sie zeitnah automatisch Ihre Spendenquittung.Bei \u00dcberweisungen bitten wir Sie uns Ihre Adresse f\u00fcr die Spendenquittung mitzuteilen.Kontakt [&hellip;]\" \/>\n<meta property=\"og:url\" content=\"https:\/\/dr-sahin.help\/ar\/spendenquittung\/\" \/>\n<meta property=\"og:site_name\" content=\"Dr. \u015eahin help\" \/>\n<meta property=\"article:publisher\" content=\"https:\/\/www.facebook.com\/Drsahinhelp\" \/>\n<meta property=\"article:modified_time\" content=\"2026-03-27T15:54:15+00:00\" \/>\n<meta name=\"twitter:card\" content=\"summary_large_image\" \/>\n<meta name=\"twitter:label1\" content=\"\u0648\u0642\u062a \u0627\u0644\u0642\u0631\u0627\u0621\u0629 \u0627\u0644\u0645\u064f\u0642\u062f\u0651\u0631\" \/>\n\t<meta name=\"twitter:data1\" content=\"\u062f\u0642\u064a\u0642\u0629 \u0648\u0627\u062d\u062f\u0629\" \/>\n<script type=\"application\/ld+json\" class=\"yoast-schema-graph\">{\"@context\":\"https:\/\/schema.org\",\"@graph\":[{\"@type\":\"WebPage\",\"@id\":\"https:\/\/dr-sahin.help\/spendenquittung\/\",\"url\":\"https:\/\/dr-sahin.help\/spendenquittung\/\",\"name\":\"Spendenquittung &#8212; Dr. \u015eahin help\",\"isPartOf\":{\"@id\":\"https:\/\/dr-sahin.help\/#website\"},\"datePublished\":\"2026-03-27T15:44:12+00:00\",\"dateModified\":\"2026-03-27T15:54:15+00:00\",\"breadcrumb\":{\"@id\":\"https:\/\/dr-sahin.help\/spendenquittung\/#breadcrumb\"},\"inLanguage\":\"ar\",\"potentialAction\":[{\"@type\":\"ReadAction\",\"target\":[\"https:\/\/dr-sahin.help\/spendenquittung\/\"]}]},{\"@type\":\"BreadcrumbList\",\"@id\":\"https:\/\/dr-sahin.help\/spendenquittung\/#breadcrumb\",\"itemListElement\":[{\"@type\":\"ListItem\",\"position\":1,\"name\":\"Startseite\",\"item\":\"https:\/\/dr-sahin.help\/\"},{\"@type\":\"ListItem\",\"position\":2,\"name\":\"Spendenquittung\"}]},{\"@type\":\"WebSite\",\"@id\":\"https:\/\/dr-sahin.help\/#website\",\"url\":\"https:\/\/dr-sahin.help\/\",\"name\":\"Dr. \u015eahin HELP\",\"description\":\"Spenden f\u00fcr Bed\u00fcrftige\",\"publisher\":{\"@id\":\"https:\/\/dr-sahin.help\/#organization\"},\"alternateName\":\"Dr. Sahin HELP\",\"potentialAction\":[{\"@type\":\"SearchAction\",\"target\":{\"@type\":\"EntryPoint\",\"urlTemplate\":\"https:\/\/dr-sahin.help\/?s={search_term_string}\"},\"query-input\":{\"@type\":\"PropertyValueSpecification\",\"valueRequired\":true,\"valueName\":\"search_term_string\"}}],\"inLanguage\":\"ar\"},{\"@type\":\"Organization\",\"@id\":\"https:\/\/dr-sahin.help\/#organization\",\"name\":\"Dr. \u015eahin HELP\",\"alternateName\":\"Dr. Sahin HELP\",\"url\":\"https:\/\/dr-sahin.help\/\",\"logo\":{\"@type\":\"ImageObject\",\"inLanguage\":\"ar\",\"@id\":\"https:\/\/dr-sahin.help\/#\/schema\/logo\/image\/\",\"url\":\"https:\/\/dr-sahin.help\/wp-content\/uploads\/2025\/08\/SiteLogo.png\",\"contentUrl\":\"https:\/\/dr-sahin.help\/wp-content\/uploads\/2025\/08\/SiteLogo.png\",\"width\":1337,\"height\":480,\"caption\":\"Dr. \u015eahin HELP\"},\"image\":{\"@id\":\"https:\/\/dr-sahin.help\/#\/schema\/logo\/image\/\"},\"sameAs\":[\"https:\/\/www.facebook.com\/Drsahinhelp\",\"https:\/\/www.instagram.com\/drsahin_help\/\"]}]}<\/script>\n<!-- \/ Yoast SEO plugin. -->","yoast_head_json":{"title":"\u0625\u064a\u0635\u0627\u0644 \u0627\u0644\u062a\u0628\u0631\u0639 - \u0645\u0633\u0627\u0639\u062f\u0629 \u0627\u0644\u062f\u0643\u062a\u0648\u0631 \u0634\u0627\u0647\u064a\u0646","robots":{"index":"index","follow":"follow","max-snippet":"max-snippet:-1","max-image-preview":"max-image-preview:large","max-video-preview":"max-video-preview:-1"},"canonical":"https:\/\/dr-sahin.help\/ar\/spendenquittung\/","og_locale":"ar_AR","og_type":"article","og_title":"Spendenquittung &#8212; Dr. \u015eahin help","og_description":"Spendenquittung Hier kannst Du Deinen vereinfachten Spendennachweis f\u00fcr Spenden&nbsp;bis&nbsp;einschlie\u00dflich EUR 300,00 bequem herunterladen.&nbsp;Zusammen mit dem Kontoauszug zu deiner Spende ist dieser Beleg ausreichend f\u00fcr das Finanzamt. Hier Herunterladen F\u00fcr Spenden ab 300\u20ac die \u00fcber unsere Webseite gespendet werden, erhalten sie zeitnah automatisch Ihre Spendenquittung.Bei \u00dcberweisungen bitten wir Sie uns Ihre Adresse f\u00fcr die Spendenquittung mitzuteilen.Kontakt [&hellip;]","og_url":"https:\/\/dr-sahin.help\/ar\/spendenquittung\/","og_site_name":"Dr. \u015eahin help","article_publisher":"https:\/\/www.facebook.com\/Drsahinhelp","article_modified_time":"2026-03-27T15:54:15+00:00","twitter_card":"summary_large_image","twitter_misc":{"\u0648\u0642\u062a \u0627\u0644\u0642\u0631\u0627\u0621\u0629 \u0627\u0644\u0645\u064f\u0642\u062f\u0651\u0631":"\u062f\u0642\u064a\u0642\u0629 \u0648\u0627\u062d\u062f\u0629"},"schema":{"@context":"https:\/\/schema.org","@graph":[{"@type":"WebPage","@id":"https:\/\/dr-sahin.help\/spendenquittung\/","url":"https:\/\/dr-sahin.help\/spendenquittung\/","name":"\u0625\u064a\u0635\u0627\u0644 \u0627\u0644\u062a\u0628\u0631\u0639 - \u0645\u0633\u0627\u0639\u062f\u0629 \u0627\u0644\u062f\u0643\u062a\u0648\u0631 \u0634\u0627\u0647\u064a\u0646","isPartOf":{"@id":"https:\/\/dr-sahin.help\/#website"},"datePublished":"2026-03-27T15:44:12+00:00","dateModified":"2026-03-27T15:54:15+00:00","breadcrumb":{"@id":"https:\/\/dr-sahin.help\/spendenquittung\/#breadcrumb"},"inLanguage":"ar","potentialAction":[{"@type":"ReadAction","target":["https:\/\/dr-sahin.help\/spendenquittung\/"]}]},{"@type":"BreadcrumbList","@id":"https:\/\/dr-sahin.help\/spendenquittung\/#breadcrumb","itemListElement":[{"@type":"ListItem","position":1,"name":"Startseite","item":"https:\/\/dr-sahin.help\/"},{"@type":"ListItem","position":2,"name":"Spendenquittung"}]},{"@type":"WebSite","@id":"https:\/\/dr-sahin.help\/#website","url":"https:\/\/dr-sahin.help\/","name":"\u062f. \u0634\u0627\u0647\u064a\u0646 \u0645\u0633\u0627\u0639\u062f\u0629","description":"\u0627\u0644\u062a\u0628\u0631\u0639\u0627\u062a \u0644\u0644\u0645\u062d\u062a\u0627\u062c\u064a\u0646","publisher":{"@id":"https:\/\/dr-sahin.help\/#organization"},"alternateName":"Dr. Sahin HELP","potentialAction":[{"@type":"SearchAction","target":{"@type":"EntryPoint","urlTemplate":"https:\/\/dr-sahin.help\/?s={search_term_string}"},"query-input":{"@type":"PropertyValueSpecification","valueRequired":true,"valueName":"search_term_string"}}],"inLanguage":"ar"},{"@type":"Organization","@id":"https:\/\/dr-sahin.help\/#organization","name":"\u062f. \u0634\u0627\u0647\u064a\u0646 \u0645\u0633\u0627\u0639\u062f\u0629","alternateName":"Dr. Sahin HELP","url":"https:\/\/dr-sahin.help\/","logo":{"@type":"ImageObject","inLanguage":"ar","@id":"https:\/\/dr-sahin.help\/#\/schema\/logo\/image\/","url":"https:\/\/dr-sahin.help\/wp-content\/uploads\/2025\/08\/SiteLogo.png","contentUrl":"https:\/\/dr-sahin.help\/wp-content\/uploads\/2025\/08\/SiteLogo.png","width":1337,"height":480,"caption":"Dr. \u015eahin HELP"},"image":{"@id":"https:\/\/dr-sahin.help\/#\/schema\/logo\/image\/"},"sameAs":["https:\/\/www.facebook.com\/Drsahinhelp","https:\/\/www.instagram.com\/drsahin_help\/"]}]}},"jetpack_sharing_enabled":true,"_links":{"self":[{"href":"https:\/\/dr-sahin.help\/ar\/wp-json\/wp\/v2\/pages\/10615","targetHints":{"allow":["GET"]}}],"collection":[{"href":"https:\/\/dr-sahin.help\/ar\/wp-json\/wp\/v2\/pages"}],"about":[{"href":"https:\/\/dr-sahin.help\/ar\/wp-json\/wp\/v2\/types\/page"}],"author":[{"embeddable":true,"href":"https:\/\/dr-sahin.help\/ar\/wp-json\/wp\/v2\/users\/11"}],"replies":[{"embeddable":true,"href":"https:\/\/dr-sahin.help\/ar\/wp-json\/wp\/v2\/comments?post=10615"}],"version-history":[{"count":13,"href":"https:\/\/dr-sahin.help\/ar\/wp-json\/wp\/v2\/pages\/10615\/revisions"}],"predecessor-version":[{"id":10629,"href":"https:\/\/dr-sahin.help\/ar\/wp-json\/wp\/v2\/pages\/10615\/revisions\/10629"}],"wp:attachment":[{"href":"https:\/\/dr-sahin.help\/ar\/wp-json\/wp\/v2\/media?parent=10615"}],"curies":[{"name":"wp","href":"https:\/\/api.w.org\/{rel}","templated":true}]}}